{"id":2582,"date":"2020-10-07T23:02:09","date_gmt":"2020-10-08T04:02:09","guid":{"rendered":"https:\/\/yurika.co\/?page_id=2582"},"modified":"2024-08-17T11:05:27","modified_gmt":"2024-08-17T16:05:27","slug":"terminos-y-condiciones","status":"publish","type":"page","link":"https:\/\/yurika.co\/en\/terminos-y-condiciones\/","title":{"rendered":"Terms &amp; conditions"},"content":{"rendered":"<p class=\"translation-block\"><strong>EXCHANGE AND RETURN POLICIES<\/strong><br><br>RETURN POLICIES<\/p>\n\n\n\n<p>All our garments have up to 30 calendar days after purchase, or for money back you have up to 5 business days from receipt of the product, following the steps in our policy.<\/p>\n\n\n\n<p>\u2022 Exchanges of defective or damaged garments must always be requested within 15 days of receiving the product. All products sent after the allowed period will not be accepted.<\/p>\n\n\n\n<p>\u2022 If all the conditions mentioned in the exchange are met, it will be done within 15 business days after receipt of the product.<\/p>\n\n\n\n<p>returns and refunds<\/p>\n\n\n\n<p>\u2022 In accordance with the right of withdrawal enshrined in Law 1480 of 2011 art. 47, to retract your purchase and request a refund of your money, you have 5 business days from the date of receipt of the order. All products sent after the allowed period will not be accepted.<\/p>\n\n\n\n<p><strong>GENERAL REQUIREMENTS FOR EXCHANGES AND \/ OR RETURNS<\/strong><\/p>\n\n\n\n<p>\u2022 Bottoms (pantyhose and girdles) DO NOT HAVE CHANGE without any exception due to hygiene, this applies to underwear.<\/p>\n\n\n\n<p>\u2022 The product must be in perfect condition: unused, clean and in its original packaging with original labels and tags. Applies for exchanges and returns.<\/p>\n\n\n\n<p>\u2022 The exchange or return must be requested to customer service through the following email ventasonline@yurika.co or by calling line 315 7098967 attaching a photo of the legible invoice. Apply changes and returns.<\/p>\n\n\n\n<p>\u2022 Regarding the value of the return shipment: the cost of the shipment is assumed by the consumer. Packages with cash on delivery are not accepted.<\/p>\n\n\n\n<p>\u2022 Regarding the value of the change shipping: if it is due to size (bra) it must be canceled by the client, if it is by factory default, CONFECCIONES TERESSE S.A.S. Packages with cash on delivery are not accepted.<\/p>\n\n\n\n<p>\u2022 Send the products for exchange to the following address: Carrera 31 B No 1 C - 26 Bogot\u00e1, Colombia on behalf of Customer Service, CONFECCIONES TERESSE S.A.S<\/p>\n\n\n\n<p><strong>SHIPPING POLICIES<\/strong><\/p>\n\n\n\n<p class=\"translation-block\">SHIPPING AND DELIVERIES <br> <br> Order delivery times are: <br> \u2022 In the city of Bogot\u00e1, your order will be delivered from 3 to 8 business days after the purchase is made, depending on availability of the (s) garment (s). <br> \u2022 In the other cities of Colombia your order will be delivered 8 to 10 business days after the purchase is made, depending on availability of the garment (s).<\/p>\n\n\n\n<p class=\"translation-block\">The delivery time and rates for some products may change depending on their weight and dimensions, or their stock availability. If this is the case, we will inform you of this news in a timely manner via email or telephone. <br> The standard delivery time is from 8:00 am to 5:00 pm, Monday through Saturday, except holidays. The transport company will call you if it is the case to schedule a delivery appointment. <br> The delivery times indicated are for guidance only and CONFECCIONES TERESSE S.A.S \/ YURIKA will endeavor to respect them; However, as it is a service offered by third parties, its delay does not imply the cancellation of the order or any compensation from CONFECCIONES TERESSE SAS \/ YURIKA <br> You can be sure that all our items will be handled with care. <br> <br> SHIPPING COSTS <br> <br> The shipment of CONFECCIONES TERESSE SAS \/ YURIKA products is free for Colombia, applying the following conditions and restrictions: <br> \u2022 In cases where the order has a weight greater than 2 Kg (two kilograms), the shipment will have an additional value to that of the products. Depending on the weight, we will inform you of the additional value of the shipment. <br> \u2022 For orders with deliveries in remote areas to main cities, where there is no presence of offices of logistics operators, re-dispatch of shipments is required, which is why the value is more expensive.<\/p>","protected":false},"excerpt":{"rendered":"<p>POLITICAS DE CAMBIO Y DEVOLUCIONES CAMBIOS Todas nuestras prendas tienen hasta 30 d\u00edas calendario despu\u00e9s de la compra, o para devoluci\u00f3n de dinero tienes hasta 5 d\u00edas h\u00e1biles a partir de la recepci\u00f3n del producto, siguiendo los pasos de nuestra pol\u00edtica. \u2022 Los cambios de prendas defectuosas o da\u00f1adas siempre se deben solicitar dentro de [&hellip;]<\/p>","protected":false},"author":2,"featured_media":0,"parent":0,"menu_order":0,"comment_status":"closed","ping_status":"closed","template":"","meta":{"site-sidebar-layout":"default","site-content-layout":"default","ast-site-content-layout":"default","site-content-style":"default","site-sidebar-style":"default","ast-global-header-display":"","ast-banner-title-visibility":"","ast-main-header-display":"","ast-hfb-above-header-display":"","ast-hfb-below-header-display":"","ast-hfb-mobile-header-display":"","site-post-title":"","ast-breadcrumbs-content":"","ast-featured-img":"","footer-sml-layout":"","ast-disable-related-posts":"","theme-transparent-header-meta":"default","adv-header-id-meta":"","stick-header-meta":"","header-above-stick-meta":"","header-main-stick-meta":"","header-below-stick-meta":"","astra-migrate-meta-layouts":"set","ast-page-background-enabled":"default","ast-page-background-meta":{"desktop":{"background-color":"","background-image":"","background-repeat":"repeat","background-position":"center center","background-size":"auto","background-attachment":"scroll","background-type":"","background-media":"","overlay-type":"","overlay-color":"","overlay-opacity":"","overlay-gradient":""},"tablet":{"background-color":"","background-image":"","background-repeat":"repeat","background-position":"center center","background-size":"auto","background-attachment":"scroll","background-type":"","background-media":"","overlay-type":"","overlay-color":"","overlay-opacity":"","overlay-gradient":""},"mobile":{"background-color":"","background-image":"","background-repeat":"repeat","background-position":"center center","background-size":"auto","background-attachment":"scroll","background-type":"","background-media":"","overlay-type":"","overlay-color":"","overlay-opacity":"","overlay-gradient":""}},"ast-content-background-meta":{"desktop":{"background-color":"var(--ast-global-color-5)","background-image":"","background-repeat":"repeat","background-position":"center center","background-size":"auto","background-attachment":"scroll","background-type":"","background-media":"","overlay-type":"","overlay-color":"","overlay-opacity":"","overlay-gradient":""},"tablet":{"background-color":"var(--ast-global-color-5)","background-image":"","background-repeat":"repeat","background-position":"center center","background-size":"auto","background-attachment":"scroll","background-type":"","background-media":"","overlay-type":"","overlay-color":"","overlay-opacity":"","overlay-gradient":""},"mobile":{"background-color":"var(--ast-global-color-5)","background-image":"","background-repeat":"repeat","background-position":"center center","background-size":"auto","background-attachment":"scroll","background-type":"","background-media":"","overlay-type":"","overlay-color":"","overlay-opacity":"","overlay-gradient":""}},"footnotes":""},"class_list":["post-2582","page","type-page","status-publish","hentry"],"yoast_head":"<!-- This site is optimized with the Yoast SEO plugin v26.8 - https:\/\/yoast.com\/product\/yoast-seo-wordpress\/ -->\n<title>T\u00e9rminos y condiciones - Yurika<\/title>\n<meta name=\"robots\" content=\"index, follow, max-snippet:-1, max-image-preview:large, max-video-preview:-1\" \/>\n<link rel=\"canonical\" href=\"https:\/\/yurika.co\/en\/terminos-y-condiciones\/\" \/>\n<meta property=\"og:locale\" content=\"en_US\" \/>\n<meta property=\"og:type\" content=\"article\" \/>\n<meta property=\"og:title\" content=\"T\u00e9rminos y condiciones - Yurika\" \/>\n<meta property=\"og:description\" content=\"POLITICAS DE CAMBIO Y DEVOLUCIONES CAMBIOS Todas nuestras prendas tienen hasta 30 d\u00edas calendario despu\u00e9s de la compra, o para devoluci\u00f3n de dinero tienes hasta 5 d\u00edas h\u00e1biles a partir de la recepci\u00f3n del producto, siguiendo los pasos de nuestra pol\u00edtica. \u2022 Los cambios de prendas defectuosas o da\u00f1adas siempre se deben solicitar dentro de [&hellip;]\" \/>\n<meta property=\"og:url\" content=\"https:\/\/yurika.co\/en\/terminos-y-condiciones\/\" \/>\n<meta property=\"og:site_name\" content=\"Yurika\" \/>\n<meta property=\"article:modified_time\" content=\"2024-08-17T16:05:27+00:00\" \/>\n<meta name=\"twitter:card\" content=\"summary_large_image\" \/>\n<script type=\"application\/ld+json\" class=\"yoast-schema-graph\">{\"@context\":\"https:\/\/schema.org\",\"@graph\":[{\"@type\":\"WebPage\",\"@id\":\"https:\/\/yurika.co\/terminos-y-condiciones\/\",\"url\":\"https:\/\/yurika.co\/terminos-y-condiciones\/\",\"name\":\"T\u00e9rminos y condiciones - Yurika\",\"isPartOf\":{\"@id\":\"https:\/\/yurika.co\/#website\"},\"datePublished\":\"2020-10-08T04:02:09+00:00\",\"dateModified\":\"2024-08-17T16:05:27+00:00\",\"breadcrumb\":{\"@id\":\"https:\/\/yurika.co\/terminos-y-condiciones\/#breadcrumb\"},\"inLanguage\":\"en-US\",\"potentialAction\":[{\"@type\":\"ReadAction\",\"target\":[\"https:\/\/yurika.co\/terminos-y-condiciones\/\"]}]},{\"@type\":\"BreadcrumbList\",\"@id\":\"https:\/\/yurika.co\/terminos-y-condiciones\/#breadcrumb\",\"itemListElement\":[{\"@type\":\"ListItem\",\"position\":1,\"name\":\"Portada\",\"item\":\"https:\/\/yurika.co\/\"},{\"@type\":\"ListItem\",\"position\":2,\"name\":\"T\u00e9rminos y condiciones\"}]},{\"@type\":\"WebSite\",\"@id\":\"https:\/\/yurika.co\/#website\",\"url\":\"https:\/\/yurika.co\/\",\"name\":\"Yurika\",\"description\":\"Ropa Interior\",\"publisher\":{\"@id\":\"https:\/\/yurika.co\/#organization\"},\"potentialAction\":[{\"@type\":\"SearchAction\",\"target\":{\"@type\":\"EntryPoint\",\"urlTemplate\":\"https:\/\/yurika.co\/?s={search_term_string}\"},\"query-input\":{\"@type\":\"PropertyValueSpecification\",\"valueRequired\":true,\"valueName\":\"search_term_string\"}}],\"inLanguage\":\"en-US\"},{\"@type\":\"Organization\",\"@id\":\"https:\/\/yurika.co\/#organization\",\"name\":\"Yurika\",\"url\":\"https:\/\/yurika.co\/\",\"logo\":{\"@type\":\"ImageObject\",\"inLanguage\":\"en-US\",\"@id\":\"https:\/\/yurika.co\/#\/schema\/logo\/image\/\",\"url\":\"https:\/\/yurika.co\/wp-content\/uploads\/2020\/09\/logo-yurika.png\",\"contentUrl\":\"https:\/\/yurika.co\/wp-content\/uploads\/2020\/09\/logo-yurika.png\",\"width\":70,\"height\":90,\"caption\":\"Yurika\"},\"image\":{\"@id\":\"https:\/\/yurika.co\/#\/schema\/logo\/image\/\"}}]}<\/script>\n<!-- \/ Yoast SEO plugin. -->","yoast_head_json":{"title":"T\u00e9rminos y condiciones - Yurika","robots":{"index":"index","follow":"follow","max-snippet":"max-snippet:-1","max-image-preview":"max-image-preview:large","max-video-preview":"max-video-preview:-1"},"canonical":"https:\/\/yurika.co\/en\/terminos-y-condiciones\/","og_locale":"en_US","og_type":"article","og_title":"T\u00e9rminos y condiciones - Yurika","og_description":"POLITICAS DE CAMBIO Y DEVOLUCIONES CAMBIOS Todas nuestras prendas tienen hasta 30 d\u00edas calendario despu\u00e9s de la compra, o para devoluci\u00f3n de dinero tienes hasta 5 d\u00edas h\u00e1biles a partir de la recepci\u00f3n del producto, siguiendo los pasos de nuestra pol\u00edtica. \u2022 Los cambios de prendas defectuosas o da\u00f1adas siempre se deben solicitar dentro de [&hellip;]","og_url":"https:\/\/yurika.co\/en\/terminos-y-condiciones\/","og_site_name":"Yurika","article_modified_time":"2024-08-17T16:05:27+00:00","twitter_card":"summary_large_image","schema":{"@context":"https:\/\/schema.org","@graph":[{"@type":"WebPage","@id":"https:\/\/yurika.co\/terminos-y-condiciones\/","url":"https:\/\/yurika.co\/terminos-y-condiciones\/","name":"T\u00e9rminos y condiciones - Yurika","isPartOf":{"@id":"https:\/\/yurika.co\/#website"},"datePublished":"2020-10-08T04:02:09+00:00","dateModified":"2024-08-17T16:05:27+00:00","breadcrumb":{"@id":"https:\/\/yurika.co\/terminos-y-condiciones\/#breadcrumb"},"inLanguage":"en-US","potentialAction":[{"@type":"ReadAction","target":["https:\/\/yurika.co\/terminos-y-condiciones\/"]}]},{"@type":"BreadcrumbList","@id":"https:\/\/yurika.co\/terminos-y-condiciones\/#breadcrumb","itemListElement":[{"@type":"ListItem","position":1,"name":"Portada","item":"https:\/\/yurika.co\/"},{"@type":"ListItem","position":2,"name":"T\u00e9rminos y condiciones"}]},{"@type":"WebSite","@id":"https:\/\/yurika.co\/#website","url":"https:\/\/yurika.co\/","name":"Yurika","description":"Ropa Interior","publisher":{"@id":"https:\/\/yurika.co\/#organization"},"potentialAction":[{"@type":"SearchAction","target":{"@type":"EntryPoint","urlTemplate":"https:\/\/yurika.co\/?s={search_term_string}"},"query-input":{"@type":"PropertyValueSpecification","valueRequired":true,"valueName":"search_term_string"}}],"inLanguage":"en-US"},{"@type":"Organization","@id":"https:\/\/yurika.co\/#organization","name":"Yurika","url":"https:\/\/yurika.co\/","logo":{"@type":"ImageObject","inLanguage":"en-US","@id":"https:\/\/yurika.co\/#\/schema\/logo\/image\/","url":"https:\/\/yurika.co\/wp-content\/uploads\/2020\/09\/logo-yurika.png","contentUrl":"https:\/\/yurika.co\/wp-content\/uploads\/2020\/09\/logo-yurika.png","width":70,"height":90,"caption":"Yurika"},"image":{"@id":"https:\/\/yurika.co\/#\/schema\/logo\/image\/"}}]}},"_links":{"self":[{"href":"https:\/\/yurika.co\/en\/wp-json\/wp\/v2\/pages\/2582","targetHints":{"allow":["GET"]}}],"collection":[{"href":"https:\/\/yurika.co\/en\/wp-json\/wp\/v2\/pages"}],"about":[{"href":"https:\/\/yurika.co\/en\/wp-json\/wp\/v2\/types\/page"}],"author":[{"embeddable":true,"href":"https:\/\/yurika.co\/en\/wp-json\/wp\/v2\/users\/2"}],"replies":[{"embeddable":true,"href":"https:\/\/yurika.co\/en\/wp-json\/wp\/v2\/comments?post=2582"}],"version-history":[{"count":2,"href":"https:\/\/yurika.co\/en\/wp-json\/wp\/v2\/pages\/2582\/revisions"}],"predecessor-version":[{"id":5053,"href":"https:\/\/yurika.co\/en\/wp-json\/wp\/v2\/pages\/2582\/revisions\/5053"}],"wp:attachment":[{"href":"https:\/\/yurika.co\/en\/wp-json\/wp\/v2\/media?parent=2582"}],"curies":[{"name":"wp","href":"https:\/\/api.w.org\/{rel}","templated":true}]}}