{"id":2112,"date":"2020-09-19T21:27:41","date_gmt":"2020-09-20T02:27:41","guid":{"rendered":"https:\/\/yurika.co\/?post_type=product&#038;p=2112"},"modified":"2026-04-15T10:24:39","modified_gmt":"2026-04-15T15:24:39","slug":"boxer-materno-432","status":"publish","type":"product","link":"https:\/\/yurika.co\/en\/product\/boxer-materno-432\/","title":{"rendered":"Maternal boxer 432"},"content":{"rendered":"","protected":false},"excerpt":{"rendered":"<p>B\u00f3xer de maternidad, elaborado en algod\u00f3n con una combinaci\u00f3n frontal en tela malla para cubrir barriga, mayor comodidad.<\/p>","protected":false},"featured_media":3509,"comment_status":"open","ping_status":"closed","template":"","meta":{"site-sidebar-layout":"default","site-content-layout":"default","ast-site-content-layout":"default","site-content-style":"default","site-sidebar-style":"default","ast-global-header-display":"","ast-banner-title-visibility":"","ast-main-header-display":"","ast-hfb-above-header-display":"","ast-hfb-below-header-display":"","ast-hfb-mobile-header-display":"","site-post-title":"","ast-breadcrumbs-content":"","ast-featured-img":"","footer-sml-layout":"","ast-disable-related-posts":"","theme-transparent-header-meta":"default","adv-header-id-meta":"","stick-header-meta":"","header-above-stick-meta":"","header-main-stick-meta":"","header-below-stick-meta":"","astra-migrate-meta-layouts":"set","ast-page-background-enabled":"default","ast-page-background-meta":{"desktop":{"background-color":"","background-image":"","background-repeat":"repeat","background-position":"center center","background-size":"auto","background-attachment":"scroll","background-type":"","background-media":"","overlay-type":"","overlay-color":"","overlay-opacity":"","overlay-gradient":""},"tablet":{"background-color":"","background-image":"","background-repeat":"repeat","background-position":"center center","background-size":"auto","background-attachment":"scroll","background-type":"","background-media":"","overlay-type":"","overlay-color":"","overlay-opacity":"","overlay-gradient":""},"mobile":{"background-color":"","background-image":"","background-repeat":"repeat","background-position":"center center","background-size":"auto","background-attachment":"scroll","background-type":"","background-media":"","overlay-type":"","overlay-color":"","overlay-opacity":"","overlay-gradient":""}},"ast-content-background-meta":{"desktop":{"background-color":"var(--ast-global-color-5)","background-image":"","background-repeat":"repeat","background-position":"center center","background-size":"auto","background-attachment":"scroll","background-type":"","background-media":"","overlay-type":"","overlay-color":"","overlay-opacity":"","overlay-gradient":""},"tablet":{"background-color":"var(--ast-global-color-5)","background-image":"","background-repeat":"repeat","background-position":"center center","background-size":"auto","background-attachment":"scroll","background-type":"","background-media":"","overlay-type":"","overlay-color":"","overlay-opacity":"","overlay-gradient":""},"mobile":{"background-color":"var(--ast-global-color-5)","background-image":"","background-repeat":"repeat","background-position":"center center","background-size":"auto","background-attachment":"scroll","background-type":"","background-media":"","overlay-type":"","overlay-color":"","overlay-opacity":"","overlay-gradient":""}}},"product_brand":[],"product_cat":[35,39],"product_tag":[89,84,86],"class_list":{"0":"post-2112","1":"product","2":"type-product","3":"status-publish","4":"has-post-thumbnail","6":"product_cat-maternidad","7":"product_cat-panty","8":"product_tag-boxer","9":"product_tag-panty-algodon","10":"product_tag-panty-maternidad","11":"desktop-align-left","12":"tablet-align-left","13":"mobile-align-left","15":"first","16":"instock","17":"taxable","18":"shipping-taxable","19":"purchasable","20":"product-type-variable","21":"has-default-attributes","22":"rtwpvs-product"},"yoast_head":"<!-- This site is optimized with the Yoast SEO plugin v27.5 - https:\/\/yoast.com\/product\/yoast-seo-wordpress\/ -->\n<title>B\u00f3xer materno 432 - Yurika<\/title>\n<meta name=\"description\" content=\"B\u00f3xer de maternidad, elaborado en algod\u00f3n con una combinaci\u00f3n frontal en tela malla para cubrir barriga, mayor comodidad.\" \/>\n<meta name=\"robots\" content=\"index, follow, max-snippet:-1, max-image-preview:large, max-video-preview:-1\" \/>\n<link rel=\"canonical\" href=\"https:\/\/yurika.co\/en\/product\/boxer-materno-432\/\" \/>\n<meta property=\"og:locale\" content=\"en_US\" \/>\n<meta property=\"og:type\" content=\"article\" \/>\n<meta property=\"og:title\" content=\"B\u00f3xer materno 432 - Yurika\" \/>\n<meta property=\"og:description\" content=\"B\u00f3xer de maternidad, elaborado en algod\u00f3n con una combinaci\u00f3n frontal en tela malla para cubrir barriga, mayor comodidad.\" \/>\n<meta property=\"og:url\" content=\"https:\/\/yurika.co\/en\/product\/boxer-materno-432\/\" \/>\n<meta property=\"og:site_name\" content=\"Yurika\" \/>\n<meta property=\"article:modified_time\" content=\"2026-04-15T15:24:39+00:00\" \/>\n<meta property=\"og:image\" content=\"https:\/\/yurika.co\/wp-content\/uploads\/2020\/09\/panty-materno-432blanco-.jpeg\" \/>\n\t<meta property=\"og:image:width\" content=\"1200\" \/>\n\t<meta property=\"og:image:height\" content=\"1200\" \/>\n\t<meta property=\"og:image:type\" content=\"image\/jpeg\" \/>\n<meta name=\"twitter:card\" content=\"summary_large_image\" \/>\n<meta name=\"twitter:label1\" content=\"Est. reading time\" \/>\n\t<meta name=\"twitter:data1\" content=\"1 minute\" \/>\n<script type=\"application\/ld+json\" class=\"yoast-schema-graph\">{\"@context\":\"https:\\\/\\\/schema.org\",\"@graph\":[{\"@type\":\"WebPage\",\"@id\":\"https:\\\/\\\/yurika.co\\\/producto\\\/boxer-materno-432\\\/\",\"url\":\"https:\\\/\\\/yurika.co\\\/producto\\\/boxer-materno-432\\\/\",\"name\":\"B\u00f3xer materno 432 - Yurika\",\"isPartOf\":{\"@id\":\"https:\\\/\\\/yurika.co\\\/#website\"},\"primaryImageOfPage\":{\"@id\":\"https:\\\/\\\/yurika.co\\\/producto\\\/boxer-materno-432\\\/#primaryimage\"},\"image\":{\"@id\":\"https:\\\/\\\/yurika.co\\\/producto\\\/boxer-materno-432\\\/#primaryimage\"},\"thumbnailUrl\":\"https:\\\/\\\/yurika.co\\\/wp-content\\\/uploads\\\/2020\\\/09\\\/panty-materno-432blanco-.jpeg\",\"datePublished\":\"2020-09-20T02:27:41+00:00\",\"dateModified\":\"2026-04-15T15:24:39+00:00\",\"description\":\"B\u00f3xer de maternidad, elaborado en algod\u00f3n con una combinaci\u00f3n frontal en tela malla para cubrir barriga, mayor comodidad.\",\"breadcrumb\":{\"@id\":\"https:\\\/\\\/yurika.co\\\/producto\\\/boxer-materno-432\\\/#breadcrumb\"},\"inLanguage\":\"en-US\",\"potentialAction\":[{\"@type\":\"ReadAction\",\"target\":[\"https:\\\/\\\/yurika.co\\\/producto\\\/boxer-materno-432\\\/\"]}]},{\"@type\":\"ImageObject\",\"inLanguage\":\"en-US\",\"@id\":\"https:\\\/\\\/yurika.co\\\/producto\\\/boxer-materno-432\\\/#primaryimage\",\"url\":\"https:\\\/\\\/yurika.co\\\/wp-content\\\/uploads\\\/2020\\\/09\\\/panty-materno-432blanco-.jpeg\",\"contentUrl\":\"https:\\\/\\\/yurika.co\\\/wp-content\\\/uploads\\\/2020\\\/09\\\/panty-materno-432blanco-.jpeg\",\"width\":1200,\"height\":1200,\"caption\":\"Panty Materno Blanco 432\"},{\"@type\":\"BreadcrumbList\",\"@id\":\"https:\\\/\\\/yurika.co\\\/producto\\\/boxer-materno-432\\\/#breadcrumb\",\"itemListElement\":[{\"@type\":\"ListItem\",\"position\":1,\"name\":\"Portada\",\"item\":\"https:\\\/\\\/yurika.co\\\/\"},{\"@type\":\"ListItem\",\"position\":2,\"name\":\"Store\",\"item\":\"https:\\\/\\\/yurika.co\\\/store\\\/\"},{\"@type\":\"ListItem\",\"position\":3,\"name\":\"B\u00f3xer materno 432\"}]},{\"@type\":\"WebSite\",\"@id\":\"https:\\\/\\\/yurika.co\\\/#website\",\"url\":\"https:\\\/\\\/yurika.co\\\/\",\"name\":\"Yurika\",\"description\":\"Ropa Interior\",\"publisher\":{\"@id\":\"https:\\\/\\\/yurika.co\\\/#organization\"},\"potentialAction\":[{\"@type\":\"SearchAction\",\"target\":{\"@type\":\"EntryPoint\",\"urlTemplate\":\"https:\\\/\\\/yurika.co\\\/?s={search_term_string}\"},\"query-input\":{\"@type\":\"PropertyValueSpecification\",\"valueRequired\":true,\"valueName\":\"search_term_string\"}}],\"inLanguage\":\"en-US\"},{\"@type\":\"Organization\",\"@id\":\"https:\\\/\\\/yurika.co\\\/#organization\",\"name\":\"Yurika\",\"url\":\"https:\\\/\\\/yurika.co\\\/\",\"logo\":{\"@type\":\"ImageObject\",\"inLanguage\":\"en-US\",\"@id\":\"https:\\\/\\\/yurika.co\\\/#\\\/schema\\\/logo\\\/image\\\/\",\"url\":\"https:\\\/\\\/yurika.co\\\/wp-content\\\/uploads\\\/2020\\\/09\\\/logo-yurika.png\",\"contentUrl\":\"https:\\\/\\\/yurika.co\\\/wp-content\\\/uploads\\\/2020\\\/09\\\/logo-yurika.png\",\"width\":70,\"height\":90,\"caption\":\"Yurika\"},\"image\":{\"@id\":\"https:\\\/\\\/yurika.co\\\/#\\\/schema\\\/logo\\\/image\\\/\"}}]}<\/script>\n<!-- \/ Yoast SEO plugin. -->","yoast_head_json":{"title":"B\u00f3xer materno 432 - Yurika","description":"B\u00f3xer de maternidad, elaborado en algod\u00f3n con una combinaci\u00f3n frontal en tela malla para cubrir barriga, mayor comodidad.","robots":{"index":"index","follow":"follow","max-snippet":"max-snippet:-1","max-image-preview":"max-image-preview:large","max-video-preview":"max-video-preview:-1"},"canonical":"https:\/\/yurika.co\/en\/product\/boxer-materno-432\/","og_locale":"en_US","og_type":"article","og_title":"B\u00f3xer materno 432 - Yurika","og_description":"B\u00f3xer de maternidad, elaborado en algod\u00f3n con una combinaci\u00f3n frontal en tela malla para cubrir barriga, mayor comodidad.","og_url":"https:\/\/yurika.co\/en\/product\/boxer-materno-432\/","og_site_name":"Yurika","article_modified_time":"2026-04-15T15:24:39+00:00","og_image":[{"width":1200,"height":1200,"url":"https:\/\/yurika.co\/wp-content\/uploads\/2020\/09\/panty-materno-432blanco-.jpeg","type":"image\/jpeg"}],"twitter_card":"summary_large_image","twitter_misc":{"Est. reading time":"1 minute"},"schema":{"@context":"https:\/\/schema.org","@graph":[{"@type":"WebPage","@id":"https:\/\/yurika.co\/producto\/boxer-materno-432\/","url":"https:\/\/yurika.co\/producto\/boxer-materno-432\/","name":"B\u00f3xer materno 432 - Yurika","isPartOf":{"@id":"https:\/\/yurika.co\/#website"},"primaryImageOfPage":{"@id":"https:\/\/yurika.co\/producto\/boxer-materno-432\/#primaryimage"},"image":{"@id":"https:\/\/yurika.co\/producto\/boxer-materno-432\/#primaryimage"},"thumbnailUrl":"https:\/\/yurika.co\/wp-content\/uploads\/2020\/09\/panty-materno-432blanco-.jpeg","datePublished":"2020-09-20T02:27:41+00:00","dateModified":"2026-04-15T15:24:39+00:00","description":"B\u00f3xer de maternidad, elaborado en algod\u00f3n con una combinaci\u00f3n frontal en tela malla para cubrir barriga, mayor comodidad.","breadcrumb":{"@id":"https:\/\/yurika.co\/producto\/boxer-materno-432\/#breadcrumb"},"inLanguage":"en-US","potentialAction":[{"@type":"ReadAction","target":["https:\/\/yurika.co\/producto\/boxer-materno-432\/"]}]},{"@type":"ImageObject","inLanguage":"en-US","@id":"https:\/\/yurika.co\/producto\/boxer-materno-432\/#primaryimage","url":"https:\/\/yurika.co\/wp-content\/uploads\/2020\/09\/panty-materno-432blanco-.jpeg","contentUrl":"https:\/\/yurika.co\/wp-content\/uploads\/2020\/09\/panty-materno-432blanco-.jpeg","width":1200,"height":1200,"caption":"Panty Materno Blanco 432"},{"@type":"BreadcrumbList","@id":"https:\/\/yurika.co\/producto\/boxer-materno-432\/#breadcrumb","itemListElement":[{"@type":"ListItem","position":1,"name":"Portada","item":"https:\/\/yurika.co\/"},{"@type":"ListItem","position":2,"name":"Store","item":"https:\/\/yurika.co\/store\/"},{"@type":"ListItem","position":3,"name":"B\u00f3xer materno 432"}]},{"@type":"WebSite","@id":"https:\/\/yurika.co\/#website","url":"https:\/\/yurika.co\/","name":"Yurika","description":"Ropa Interior","publisher":{"@id":"https:\/\/yurika.co\/#organization"},"potentialAction":[{"@type":"SearchAction","target":{"@type":"EntryPoint","urlTemplate":"https:\/\/yurika.co\/?s={search_term_string}"},"query-input":{"@type":"PropertyValueSpecification","valueRequired":true,"valueName":"search_term_string"}}],"inLanguage":"en-US"},{"@type":"Organization","@id":"https:\/\/yurika.co\/#organization","name":"Yurika","url":"https:\/\/yurika.co\/","logo":{"@type":"ImageObject","inLanguage":"en-US","@id":"https:\/\/yurika.co\/#\/schema\/logo\/image\/","url":"https:\/\/yurika.co\/wp-content\/uploads\/2020\/09\/logo-yurika.png","contentUrl":"https:\/\/yurika.co\/wp-content\/uploads\/2020\/09\/logo-yurika.png","width":70,"height":90,"caption":"Yurika"},"image":{"@id":"https:\/\/yurika.co\/#\/schema\/logo\/image\/"}}]}},"_links":{"self":[{"href":"https:\/\/yurika.co\/en\/wp-json\/wp\/v2\/product\/2112","targetHints":{"allow":["GET"]}}],"collection":[{"href":"https:\/\/yurika.co\/en\/wp-json\/wp\/v2\/product"}],"about":[{"href":"https:\/\/yurika.co\/en\/wp-json\/wp\/v2\/types\/product"}],"replies":[{"embeddable":true,"href":"https:\/\/yurika.co\/en\/wp-json\/wp\/v2\/comments?post=2112"}],"version-history":[{"count":6,"href":"https:\/\/yurika.co\/en\/wp-json\/wp\/v2\/product\/2112\/revisions"}],"predecessor-version":[{"id":4672,"href":"https:\/\/yurika.co\/en\/wp-json\/wp\/v2\/product\/2112\/revisions\/4672"}],"wp:featuredmedia":[{"embeddable":true,"href":"https:\/\/yurika.co\/en\/wp-json\/wp\/v2\/media\/3509"}],"wp:attachment":[{"href":"https:\/\/yurika.co\/en\/wp-json\/wp\/v2\/media?parent=2112"}],"wp:term":[{"taxonomy":"product_brand","embeddable":true,"href":"https:\/\/yurika.co\/en\/wp-json\/wp\/v2\/product_brand?post=2112"},{"taxonomy":"product_cat","embeddable":true,"href":"https:\/\/yurika.co\/en\/wp-json\/wp\/v2\/product_cat?post=2112"},{"taxonomy":"product_tag","embeddable":true,"href":"https:\/\/yurika.co\/en\/wp-json\/wp\/v2\/product_tag?post=2112"}],"curies":[{"name":"wp","href":"https:\/\/api.w.org\/{rel}","templated":true}]}}