{"id":2141,"date":"2020-09-19T22:38:50","date_gmt":"2020-09-20T03:38:50","guid":{"rendered":"https:\/\/yurika.co\/?post_type=product&#038;p=2141"},"modified":"2026-05-11T13:10:42","modified_gmt":"2026-05-11T18:10:42","slug":"panty-clasico-en-algodon-456","status":"publish","type":"product","link":"https:\/\/yurika.co\/en\/product\/panty-clasico-en-algodon-456\/","title":{"rendered":"Classic panty made in cotton 456"},"content":{"rendered":"","protected":false},"excerpt":{"rendered":"<p>Classic panty, made in cotton with frontal and lateral combinations made in lace<\/p>","protected":false},"featured_media":3480,"comment_status":"open","ping_status":"closed","template":"","meta":{"site-sidebar-layout":"default","site-content-layout":"default","ast-site-content-layout":"default","site-content-style":"default","site-sidebar-style":"default","ast-global-header-display":"","ast-banner-title-visibility":"","ast-main-header-display":"","ast-hfb-above-header-display":"","ast-hfb-below-header-display":"","ast-hfb-mobile-header-display":"","site-post-title":"","ast-breadcrumbs-content":"","ast-featured-img":"","footer-sml-layout":"","ast-disable-related-posts":"","theme-transparent-header-meta":"default","adv-header-id-meta":"","stick-header-meta":"","header-above-stick-meta":"","header-main-stick-meta":"","header-below-stick-meta":"","astra-migrate-meta-layouts":"set","ast-page-background-enabled":"default","ast-page-background-meta":{"desktop":{"background-color":"","background-image":"","background-repeat":"repeat","background-position":"center center","background-size":"auto","background-attachment":"scroll","background-type":"","background-media":"","overlay-type":"","overlay-color":"","overlay-opacity":"","overlay-gradient":""},"tablet":{"background-color":"","background-image":"","background-repeat":"repeat","background-position":"center center","background-size":"auto","background-attachment":"scroll","background-type":"","background-media":"","overlay-type":"","overlay-color":"","overlay-opacity":"","overlay-gradient":""},"mobile":{"background-color":"","background-image":"","background-repeat":"repeat","background-position":"center center","background-size":"auto","background-attachment":"scroll","background-type":"","background-media":"","overlay-type":"","overlay-color":"","overlay-opacity":"","overlay-gradient":""}},"ast-content-background-meta":{"desktop":{"background-color":"var(--ast-global-color-5)","background-image":"","background-repeat":"repeat","background-position":"center center","background-size":"auto","background-attachment":"scroll","background-type":"","background-media":"","overlay-type":"","overlay-color":"","overlay-opacity":"","overlay-gradient":""},"tablet":{"background-color":"var(--ast-global-color-5)","background-image":"","background-repeat":"repeat","background-position":"center center","background-size":"auto","background-attachment":"scroll","background-type":"","background-media":"","overlay-type":"","overlay-color":"","overlay-opacity":"","overlay-gradient":""},"mobile":{"background-color":"var(--ast-global-color-5)","background-image":"","background-repeat":"repeat","background-position":"center center","background-size":"auto","background-attachment":"scroll","background-type":"","background-media":"","overlay-type":"","overlay-color":"","overlay-opacity":"","overlay-gradient":""}}},"product_brand":[],"product_cat":[103,39,121],"product_tag":[84,83],"class_list":{"0":"post-2141","1":"product","2":"type-product","3":"status-publish","4":"has-post-thumbnail","6":"product_cat-ofertas","7":"product_cat-panty","8":"product_cat-panty-clasico","9":"product_tag-panty-algodon","10":"product_tag-panty-clasico","11":"desktop-align-left","12":"tablet-align-left","13":"mobile-align-left","15":"first","16":"instock","17":"taxable","18":"shipping-taxable","19":"purchasable","20":"product-type-variable","21":"has-default-attributes","22":"rtwpvs-product"},"yoast_head":"<!-- This site is optimized with the Yoast SEO plugin v27.5 - https:\/\/yoast.com\/product\/yoast-seo-wordpress\/ -->\n<title>Panty cl\u00e1sico en algod\u00f3n 456 - Yurika<\/title>\n<meta name=\"description\" content=\"Panty cl\u00e1sico se\u00f1orial, elaborado en algod\u00f3n con combinaciones frontales y laterales de encaje - Silueta c\u00f3moda de corte medio.\" \/>\n<meta name=\"robots\" content=\"index, follow, max-snippet:-1, max-image-preview:large, max-video-preview:-1\" \/>\n<link rel=\"canonical\" href=\"https:\/\/yurika.co\/en\/product\/panty-clasico-en-algodon-456\/\" \/>\n<meta property=\"og:locale\" content=\"en_US\" \/>\n<meta property=\"og:type\" content=\"article\" \/>\n<meta property=\"og:title\" content=\"Panty cl\u00e1sico en algod\u00f3n 456 - Yurika\" \/>\n<meta property=\"og:description\" content=\"Panty cl\u00e1sico se\u00f1orial, elaborado en algod\u00f3n con combinaciones frontales y laterales de encaje - Silueta c\u00f3moda de corte medio.\" \/>\n<meta property=\"og:url\" content=\"https:\/\/yurika.co\/en\/product\/panty-clasico-en-algodon-456\/\" \/>\n<meta property=\"og:site_name\" content=\"Yurika\" \/>\n<meta property=\"article:modified_time\" content=\"2026-05-11T18:10:42+00:00\" \/>\n<meta property=\"og:image\" content=\"https:\/\/yurika.co\/wp-content\/uploads\/2020\/09\/panty-456-blanco.jpeg\" \/>\n\t<meta property=\"og:image:width\" content=\"1200\" \/>\n\t<meta property=\"og:image:height\" content=\"1200\" \/>\n\t<meta property=\"og:image:type\" content=\"image\/jpeg\" \/>\n<meta name=\"twitter:card\" content=\"summary_large_image\" \/>\n<meta name=\"twitter:label1\" content=\"Est. reading time\" \/>\n\t<meta name=\"twitter:data1\" content=\"1 minute\" \/>\n<script type=\"application\/ld+json\" class=\"yoast-schema-graph\">{\"@context\":\"https:\\\/\\\/schema.org\",\"@graph\":[{\"@type\":\"WebPage\",\"@id\":\"https:\\\/\\\/yurika.co\\\/producto\\\/panty-clasico-en-algodon-456\\\/\",\"url\":\"https:\\\/\\\/yurika.co\\\/producto\\\/panty-clasico-en-algodon-456\\\/\",\"name\":\"Panty cl\u00e1sico en algod\u00f3n 456 - Yurika\",\"isPartOf\":{\"@id\":\"https:\\\/\\\/yurika.co\\\/#website\"},\"primaryImageOfPage\":{\"@id\":\"https:\\\/\\\/yurika.co\\\/producto\\\/panty-clasico-en-algodon-456\\\/#primaryimage\"},\"image\":{\"@id\":\"https:\\\/\\\/yurika.co\\\/producto\\\/panty-clasico-en-algodon-456\\\/#primaryimage\"},\"thumbnailUrl\":\"https:\\\/\\\/yurika.co\\\/wp-content\\\/uploads\\\/2020\\\/09\\\/panty-456-blanco.jpeg\",\"datePublished\":\"2020-09-20T03:38:50+00:00\",\"dateModified\":\"2026-05-11T18:10:42+00:00\",\"description\":\"Panty cl\u00e1sico se\u00f1orial, elaborado en algod\u00f3n con combinaciones frontales y laterales de encaje - Silueta c\u00f3moda de corte medio.\",\"breadcrumb\":{\"@id\":\"https:\\\/\\\/yurika.co\\\/producto\\\/panty-clasico-en-algodon-456\\\/#breadcrumb\"},\"inLanguage\":\"en-US\",\"potentialAction\":[{\"@type\":\"ReadAction\",\"target\":[\"https:\\\/\\\/yurika.co\\\/producto\\\/panty-clasico-en-algodon-456\\\/\"]}]},{\"@type\":\"ImageObject\",\"inLanguage\":\"en-US\",\"@id\":\"https:\\\/\\\/yurika.co\\\/producto\\\/panty-clasico-en-algodon-456\\\/#primaryimage\",\"url\":\"https:\\\/\\\/yurika.co\\\/wp-content\\\/uploads\\\/2020\\\/09\\\/panty-456-blanco.jpeg\",\"contentUrl\":\"https:\\\/\\\/yurika.co\\\/wp-content\\\/uploads\\\/2020\\\/09\\\/panty-456-blanco.jpeg\",\"width\":1200,\"height\":1200,\"caption\":\"Panty 456 Blanco\"},{\"@type\":\"BreadcrumbList\",\"@id\":\"https:\\\/\\\/yurika.co\\\/producto\\\/panty-clasico-en-algodon-456\\\/#breadcrumb\",\"itemListElement\":[{\"@type\":\"ListItem\",\"position\":1,\"name\":\"Portada\",\"item\":\"https:\\\/\\\/yurika.co\\\/\"},{\"@type\":\"ListItem\",\"position\":2,\"name\":\"Store\",\"item\":\"https:\\\/\\\/yurika.co\\\/store\\\/\"},{\"@type\":\"ListItem\",\"position\":3,\"name\":\"Panty cl\u00e1sico en algod\u00f3n 456\"}]},{\"@type\":\"WebSite\",\"@id\":\"https:\\\/\\\/yurika.co\\\/#website\",\"url\":\"https:\\\/\\\/yurika.co\\\/\",\"name\":\"Yurika\",\"description\":\"Ropa Interior\",\"publisher\":{\"@id\":\"https:\\\/\\\/yurika.co\\\/#organization\"},\"potentialAction\":[{\"@type\":\"SearchAction\",\"target\":{\"@type\":\"EntryPoint\",\"urlTemplate\":\"https:\\\/\\\/yurika.co\\\/?s={search_term_string}\"},\"query-input\":{\"@type\":\"PropertyValueSpecification\",\"valueRequired\":true,\"valueName\":\"search_term_string\"}}],\"inLanguage\":\"en-US\"},{\"@type\":\"Organization\",\"@id\":\"https:\\\/\\\/yurika.co\\\/#organization\",\"name\":\"Yurika\",\"url\":\"https:\\\/\\\/yurika.co\\\/\",\"logo\":{\"@type\":\"ImageObject\",\"inLanguage\":\"en-US\",\"@id\":\"https:\\\/\\\/yurika.co\\\/#\\\/schema\\\/logo\\\/image\\\/\",\"url\":\"https:\\\/\\\/yurika.co\\\/wp-content\\\/uploads\\\/2020\\\/09\\\/logo-yurika.png\",\"contentUrl\":\"https:\\\/\\\/yurika.co\\\/wp-content\\\/uploads\\\/2020\\\/09\\\/logo-yurika.png\",\"width\":70,\"height\":90,\"caption\":\"Yurika\"},\"image\":{\"@id\":\"https:\\\/\\\/yurika.co\\\/#\\\/schema\\\/logo\\\/image\\\/\"}}]}<\/script>\n<!-- \/ Yoast SEO plugin. -->","yoast_head_json":{"title":"Panty cl\u00e1sico en algod\u00f3n 456 - Yurika","description":"Panty cl\u00e1sico se\u00f1orial, elaborado en algod\u00f3n con combinaciones frontales y laterales de encaje - Silueta c\u00f3moda de corte medio.","robots":{"index":"index","follow":"follow","max-snippet":"max-snippet:-1","max-image-preview":"max-image-preview:large","max-video-preview":"max-video-preview:-1"},"canonical":"https:\/\/yurika.co\/en\/product\/panty-clasico-en-algodon-456\/","og_locale":"en_US","og_type":"article","og_title":"Panty cl\u00e1sico en algod\u00f3n 456 - Yurika","og_description":"Panty cl\u00e1sico se\u00f1orial, elaborado en algod\u00f3n con combinaciones frontales y laterales de encaje - Silueta c\u00f3moda de corte medio.","og_url":"https:\/\/yurika.co\/en\/product\/panty-clasico-en-algodon-456\/","og_site_name":"Yurika","article_modified_time":"2026-05-11T18:10:42+00:00","og_image":[{"width":1200,"height":1200,"url":"https:\/\/yurika.co\/wp-content\/uploads\/2020\/09\/panty-456-blanco.jpeg","type":"image\/jpeg"}],"twitter_card":"summary_large_image","twitter_misc":{"Est. reading time":"1 minute"},"schema":{"@context":"https:\/\/schema.org","@graph":[{"@type":"WebPage","@id":"https:\/\/yurika.co\/producto\/panty-clasico-en-algodon-456\/","url":"https:\/\/yurika.co\/producto\/panty-clasico-en-algodon-456\/","name":"Panty cl\u00e1sico en algod\u00f3n 456 - Yurika","isPartOf":{"@id":"https:\/\/yurika.co\/#website"},"primaryImageOfPage":{"@id":"https:\/\/yurika.co\/producto\/panty-clasico-en-algodon-456\/#primaryimage"},"image":{"@id":"https:\/\/yurika.co\/producto\/panty-clasico-en-algodon-456\/#primaryimage"},"thumbnailUrl":"https:\/\/yurika.co\/wp-content\/uploads\/2020\/09\/panty-456-blanco.jpeg","datePublished":"2020-09-20T03:38:50+00:00","dateModified":"2026-05-11T18:10:42+00:00","description":"Panty cl\u00e1sico se\u00f1orial, elaborado en algod\u00f3n con combinaciones frontales y laterales de encaje - Silueta c\u00f3moda de corte medio.","breadcrumb":{"@id":"https:\/\/yurika.co\/producto\/panty-clasico-en-algodon-456\/#breadcrumb"},"inLanguage":"en-US","potentialAction":[{"@type":"ReadAction","target":["https:\/\/yurika.co\/producto\/panty-clasico-en-algodon-456\/"]}]},{"@type":"ImageObject","inLanguage":"en-US","@id":"https:\/\/yurika.co\/producto\/panty-clasico-en-algodon-456\/#primaryimage","url":"https:\/\/yurika.co\/wp-content\/uploads\/2020\/09\/panty-456-blanco.jpeg","contentUrl":"https:\/\/yurika.co\/wp-content\/uploads\/2020\/09\/panty-456-blanco.jpeg","width":1200,"height":1200,"caption":"Panty 456 Blanco"},{"@type":"BreadcrumbList","@id":"https:\/\/yurika.co\/producto\/panty-clasico-en-algodon-456\/#breadcrumb","itemListElement":[{"@type":"ListItem","position":1,"name":"Portada","item":"https:\/\/yurika.co\/"},{"@type":"ListItem","position":2,"name":"Store","item":"https:\/\/yurika.co\/store\/"},{"@type":"ListItem","position":3,"name":"Panty cl\u00e1sico en algod\u00f3n 456"}]},{"@type":"WebSite","@id":"https:\/\/yurika.co\/#website","url":"https:\/\/yurika.co\/","name":"Yurika","description":"Ropa Interior","publisher":{"@id":"https:\/\/yurika.co\/#organization"},"potentialAction":[{"@type":"SearchAction","target":{"@type":"EntryPoint","urlTemplate":"https:\/\/yurika.co\/?s={search_term_string}"},"query-input":{"@type":"PropertyValueSpecification","valueRequired":true,"valueName":"search_term_string"}}],"inLanguage":"en-US"},{"@type":"Organization","@id":"https:\/\/yurika.co\/#organization","name":"Yurika","url":"https:\/\/yurika.co\/","logo":{"@type":"ImageObject","inLanguage":"en-US","@id":"https:\/\/yurika.co\/#\/schema\/logo\/image\/","url":"https:\/\/yurika.co\/wp-content\/uploads\/2020\/09\/logo-yurika.png","contentUrl":"https:\/\/yurika.co\/wp-content\/uploads\/2020\/09\/logo-yurika.png","width":70,"height":90,"caption":"Yurika"},"image":{"@id":"https:\/\/yurika.co\/#\/schema\/logo\/image\/"}}]}},"_links":{"self":[{"href":"https:\/\/yurika.co\/en\/wp-json\/wp\/v2\/product\/2141","targetHints":{"allow":["GET"]}}],"collection":[{"href":"https:\/\/yurika.co\/en\/wp-json\/wp\/v2\/product"}],"about":[{"href":"https:\/\/yurika.co\/en\/wp-json\/wp\/v2\/types\/product"}],"replies":[{"embeddable":true,"href":"https:\/\/yurika.co\/en\/wp-json\/wp\/v2\/comments?post=2141"}],"version-history":[{"count":3,"href":"https:\/\/yurika.co\/en\/wp-json\/wp\/v2\/product\/2141\/revisions"}],"predecessor-version":[{"id":5278,"href":"https:\/\/yurika.co\/en\/wp-json\/wp\/v2\/product\/2141\/revisions\/5278"}],"wp:featuredmedia":[{"embeddable":true,"href":"https:\/\/yurika.co\/en\/wp-json\/wp\/v2\/media\/3480"}],"wp:attachment":[{"href":"https:\/\/yurika.co\/en\/wp-json\/wp\/v2\/media?parent=2141"}],"wp:term":[{"taxonomy":"product_brand","embeddable":true,"href":"https:\/\/yurika.co\/en\/wp-json\/wp\/v2\/product_brand?post=2141"},{"taxonomy":"product_cat","embeddable":true,"href":"https:\/\/yurika.co\/en\/wp-json\/wp\/v2\/product_cat?post=2141"},{"taxonomy":"product_tag","embeddable":true,"href":"https:\/\/yurika.co\/en\/wp-json\/wp\/v2\/product_tag?post=2141"}],"curies":[{"name":"wp","href":"https:\/\/api.w.org\/{rel}","templated":true}]}}