{"id":2235,"date":"2020-09-20T11:18:00","date_gmt":"2020-09-20T16:18:00","guid":{"rendered":"https:\/\/yurika.co\/?post_type=product&#038;p=2235"},"modified":"2026-03-19T23:51:35","modified_gmt":"2026-03-20T04:51:35","slug":"panty-algodon-levanta-cola-509","status":"publish","type":"product","link":"https:\/\/yurika.co\/en\/product\/panty-algodon-levanta-cola-509\/","title":{"rendered":"Butt lifter cotton panty 509"},"content":{"rendered":"","protected":false},"excerpt":{"rendered":"<p>Classic panty, frontal design made in lace and cotton with reinforcement for more control and tail-lifting effect<\/p>","protected":false},"featured_media":3445,"comment_status":"open","ping_status":"closed","template":"","meta":{"site-sidebar-layout":"default","site-content-layout":"default","ast-site-content-layout":"default","site-content-style":"default","site-sidebar-style":"default","ast-global-header-display":"","ast-banner-title-visibility":"","ast-main-header-display":"","ast-hfb-above-header-display":"","ast-hfb-below-header-display":"","ast-hfb-mobile-header-display":"","site-post-title":"","ast-breadcrumbs-content":"","ast-featured-img":"","footer-sml-layout":"","ast-disable-related-posts":"","theme-transparent-header-meta":"default","adv-header-id-meta":"","stick-header-meta":"","header-above-stick-meta":"","header-main-stick-meta":"","header-below-stick-meta":"","astra-migrate-meta-layouts":"set","ast-page-background-enabled":"default","ast-page-background-meta":{"desktop":{"background-color":"","background-image":"","background-repeat":"repeat","background-position":"center center","background-size":"auto","background-attachment":"scroll","background-type":"","background-media":"","overlay-type":"","overlay-color":"","overlay-opacity":"","overlay-gradient":""},"tablet":{"background-color":"","background-image":"","background-repeat":"repeat","background-position":"center center","background-size":"auto","background-attachment":"scroll","background-type":"","background-media":"","overlay-type":"","overlay-color":"","overlay-opacity":"","overlay-gradient":""},"mobile":{"background-color":"","background-image":"","background-repeat":"repeat","background-position":"center center","background-size":"auto","background-attachment":"scroll","background-type":"","background-media":"","overlay-type":"","overlay-color":"","overlay-opacity":"","overlay-gradient":""}},"ast-content-background-meta":{"desktop":{"background-color":"var(--ast-global-color-5)","background-image":"","background-repeat":"repeat","background-position":"center center","background-size":"auto","background-attachment":"scroll","background-type":"","background-media":"","overlay-type":"","overlay-color":"","overlay-opacity":"","overlay-gradient":""},"tablet":{"background-color":"var(--ast-global-color-5)","background-image":"","background-repeat":"repeat","background-position":"center center","background-size":"auto","background-attachment":"scroll","background-type":"","background-media":"","overlay-type":"","overlay-color":"","overlay-opacity":"","overlay-gradient":""},"mobile":{"background-color":"var(--ast-global-color-5)","background-image":"","background-repeat":"repeat","background-position":"center center","background-size":"auto","background-attachment":"scroll","background-type":"","background-media":"","overlay-type":"","overlay-color":"","overlay-opacity":"","overlay-gradient":""}}},"product_brand":[],"product_cat":[39,121],"product_tag":[83,88],"class_list":{"0":"post-2235","1":"product","2":"type-product","3":"status-publish","4":"has-post-thumbnail","6":"product_cat-panty","7":"product_cat-panty-clasico","8":"product_tag-panty-clasico","9":"product_tag-panty-control","10":"desktop-align-left","11":"tablet-align-left","12":"mobile-align-left","14":"first","15":"instock","16":"taxable","17":"shipping-taxable","18":"purchasable","19":"product-type-variable","20":"has-default-attributes","21":"rtwpvs-product"},"yoast_head":"<!-- This site is optimized with the Yoast SEO plugin v27.5 - https:\/\/yoast.com\/product\/yoast-seo-wordpress\/ -->\n<title>Panty algod\u00f3n levanta cola 509 - Yurika<\/title>\n<meta name=\"description\" content=\"Panty se\u00f1orial cl\u00e1sico, dise\u00f1o frontal en encaje y algod\u00f3n con refuerzo para mayor control y corrugado posterior con efecto levanta cola.\" \/>\n<meta name=\"robots\" content=\"index, follow, max-snippet:-1, max-image-preview:large, max-video-preview:-1\" \/>\n<link rel=\"canonical\" href=\"https:\/\/yurika.co\/en\/product\/panty-algodon-levanta-cola-509\/\" \/>\n<meta property=\"og:locale\" content=\"en_US\" \/>\n<meta property=\"og:type\" content=\"article\" \/>\n<meta property=\"og:title\" content=\"Panty algod\u00f3n levanta cola 509 - Yurika\" \/>\n<meta property=\"og:description\" content=\"Panty se\u00f1orial cl\u00e1sico, dise\u00f1o frontal en encaje y algod\u00f3n con refuerzo para mayor control y corrugado posterior con efecto levanta cola.\" \/>\n<meta property=\"og:url\" content=\"https:\/\/yurika.co\/en\/product\/panty-algodon-levanta-cola-509\/\" \/>\n<meta property=\"og:site_name\" content=\"Yurika\" \/>\n<meta property=\"article:modified_time\" content=\"2026-03-20T04:51:35+00:00\" \/>\n<meta property=\"og:image\" content=\"https:\/\/yurika.co\/wp-content\/uploads\/2020\/09\/Panty-509-blanco.jpeg\" \/>\n\t<meta property=\"og:image:width\" content=\"1200\" \/>\n\t<meta property=\"og:image:height\" content=\"1200\" \/>\n\t<meta property=\"og:image:type\" content=\"image\/jpeg\" \/>\n<meta name=\"twitter:card\" content=\"summary_large_image\" \/>\n<meta name=\"twitter:label1\" content=\"Est. reading time\" \/>\n\t<meta name=\"twitter:data1\" content=\"1 minute\" \/>\n<script type=\"application\/ld+json\" class=\"yoast-schema-graph\">{\"@context\":\"https:\\\/\\\/schema.org\",\"@graph\":[{\"@type\":\"WebPage\",\"@id\":\"https:\\\/\\\/yurika.co\\\/producto\\\/panty-algodon-levanta-cola-509\\\/\",\"url\":\"https:\\\/\\\/yurika.co\\\/producto\\\/panty-algodon-levanta-cola-509\\\/\",\"name\":\"Panty algod\u00f3n levanta cola 509 - Yurika\",\"isPartOf\":{\"@id\":\"https:\\\/\\\/yurika.co\\\/#website\"},\"primaryImageOfPage\":{\"@id\":\"https:\\\/\\\/yurika.co\\\/producto\\\/panty-algodon-levanta-cola-509\\\/#primaryimage\"},\"image\":{\"@id\":\"https:\\\/\\\/yurika.co\\\/producto\\\/panty-algodon-levanta-cola-509\\\/#primaryimage\"},\"thumbnailUrl\":\"https:\\\/\\\/yurika.co\\\/wp-content\\\/uploads\\\/2020\\\/09\\\/Panty-509-blanco.jpeg\",\"datePublished\":\"2020-09-20T16:18:00+00:00\",\"dateModified\":\"2026-03-20T04:51:35+00:00\",\"description\":\"Panty se\u00f1orial cl\u00e1sico, dise\u00f1o frontal en encaje y algod\u00f3n con refuerzo para mayor control y corrugado posterior con efecto levanta cola.\",\"breadcrumb\":{\"@id\":\"https:\\\/\\\/yurika.co\\\/producto\\\/panty-algodon-levanta-cola-509\\\/#breadcrumb\"},\"inLanguage\":\"en-US\",\"potentialAction\":[{\"@type\":\"ReadAction\",\"target\":[\"https:\\\/\\\/yurika.co\\\/producto\\\/panty-algodon-levanta-cola-509\\\/\"]}]},{\"@type\":\"ImageObject\",\"inLanguage\":\"en-US\",\"@id\":\"https:\\\/\\\/yurika.co\\\/producto\\\/panty-algodon-levanta-cola-509\\\/#primaryimage\",\"url\":\"https:\\\/\\\/yurika.co\\\/wp-content\\\/uploads\\\/2020\\\/09\\\/Panty-509-blanco.jpeg\",\"contentUrl\":\"https:\\\/\\\/yurika.co\\\/wp-content\\\/uploads\\\/2020\\\/09\\\/Panty-509-blanco.jpeg\",\"width\":1200,\"height\":1200,\"caption\":\"Panty 509 Blanco\"},{\"@type\":\"BreadcrumbList\",\"@id\":\"https:\\\/\\\/yurika.co\\\/producto\\\/panty-algodon-levanta-cola-509\\\/#breadcrumb\",\"itemListElement\":[{\"@type\":\"ListItem\",\"position\":1,\"name\":\"Portada\",\"item\":\"https:\\\/\\\/yurika.co\\\/\"},{\"@type\":\"ListItem\",\"position\":2,\"name\":\"Store\",\"item\":\"https:\\\/\\\/yurika.co\\\/store\\\/\"},{\"@type\":\"ListItem\",\"position\":3,\"name\":\"Panty algod\u00f3n levanta cola 509\"}]},{\"@type\":\"WebSite\",\"@id\":\"https:\\\/\\\/yurika.co\\\/#website\",\"url\":\"https:\\\/\\\/yurika.co\\\/\",\"name\":\"Yurika\",\"description\":\"Ropa Interior\",\"publisher\":{\"@id\":\"https:\\\/\\\/yurika.co\\\/#organization\"},\"potentialAction\":[{\"@type\":\"SearchAction\",\"target\":{\"@type\":\"EntryPoint\",\"urlTemplate\":\"https:\\\/\\\/yurika.co\\\/?s={search_term_string}\"},\"query-input\":{\"@type\":\"PropertyValueSpecification\",\"valueRequired\":true,\"valueName\":\"search_term_string\"}}],\"inLanguage\":\"en-US\"},{\"@type\":\"Organization\",\"@id\":\"https:\\\/\\\/yurika.co\\\/#organization\",\"name\":\"Yurika\",\"url\":\"https:\\\/\\\/yurika.co\\\/\",\"logo\":{\"@type\":\"ImageObject\",\"inLanguage\":\"en-US\",\"@id\":\"https:\\\/\\\/yurika.co\\\/#\\\/schema\\\/logo\\\/image\\\/\",\"url\":\"https:\\\/\\\/yurika.co\\\/wp-content\\\/uploads\\\/2020\\\/09\\\/logo-yurika.png\",\"contentUrl\":\"https:\\\/\\\/yurika.co\\\/wp-content\\\/uploads\\\/2020\\\/09\\\/logo-yurika.png\",\"width\":70,\"height\":90,\"caption\":\"Yurika\"},\"image\":{\"@id\":\"https:\\\/\\\/yurika.co\\\/#\\\/schema\\\/logo\\\/image\\\/\"}}]}<\/script>\n<!-- \/ Yoast SEO plugin. -->","yoast_head_json":{"title":"Panty algod\u00f3n levanta cola 509 - Yurika","description":"Panty se\u00f1orial cl\u00e1sico, dise\u00f1o frontal en encaje y algod\u00f3n con refuerzo para mayor control y corrugado posterior con efecto levanta cola.","robots":{"index":"index","follow":"follow","max-snippet":"max-snippet:-1","max-image-preview":"max-image-preview:large","max-video-preview":"max-video-preview:-1"},"canonical":"https:\/\/yurika.co\/en\/product\/panty-algodon-levanta-cola-509\/","og_locale":"en_US","og_type":"article","og_title":"Panty algod\u00f3n levanta cola 509 - Yurika","og_description":"Panty se\u00f1orial cl\u00e1sico, dise\u00f1o frontal en encaje y algod\u00f3n con refuerzo para mayor control y corrugado posterior con efecto levanta cola.","og_url":"https:\/\/yurika.co\/en\/product\/panty-algodon-levanta-cola-509\/","og_site_name":"Yurika","article_modified_time":"2026-03-20T04:51:35+00:00","og_image":[{"width":1200,"height":1200,"url":"https:\/\/yurika.co\/wp-content\/uploads\/2020\/09\/Panty-509-blanco.jpeg","type":"image\/jpeg"}],"twitter_card":"summary_large_image","twitter_misc":{"Est. reading time":"1 minute"},"schema":{"@context":"https:\/\/schema.org","@graph":[{"@type":"WebPage","@id":"https:\/\/yurika.co\/producto\/panty-algodon-levanta-cola-509\/","url":"https:\/\/yurika.co\/producto\/panty-algodon-levanta-cola-509\/","name":"Panty algod\u00f3n levanta cola 509 - Yurika","isPartOf":{"@id":"https:\/\/yurika.co\/#website"},"primaryImageOfPage":{"@id":"https:\/\/yurika.co\/producto\/panty-algodon-levanta-cola-509\/#primaryimage"},"image":{"@id":"https:\/\/yurika.co\/producto\/panty-algodon-levanta-cola-509\/#primaryimage"},"thumbnailUrl":"https:\/\/yurika.co\/wp-content\/uploads\/2020\/09\/Panty-509-blanco.jpeg","datePublished":"2020-09-20T16:18:00+00:00","dateModified":"2026-03-20T04:51:35+00:00","description":"Panty se\u00f1orial cl\u00e1sico, dise\u00f1o frontal en encaje y algod\u00f3n con refuerzo para mayor control y corrugado posterior con efecto levanta cola.","breadcrumb":{"@id":"https:\/\/yurika.co\/producto\/panty-algodon-levanta-cola-509\/#breadcrumb"},"inLanguage":"en-US","potentialAction":[{"@type":"ReadAction","target":["https:\/\/yurika.co\/producto\/panty-algodon-levanta-cola-509\/"]}]},{"@type":"ImageObject","inLanguage":"en-US","@id":"https:\/\/yurika.co\/producto\/panty-algodon-levanta-cola-509\/#primaryimage","url":"https:\/\/yurika.co\/wp-content\/uploads\/2020\/09\/Panty-509-blanco.jpeg","contentUrl":"https:\/\/yurika.co\/wp-content\/uploads\/2020\/09\/Panty-509-blanco.jpeg","width":1200,"height":1200,"caption":"Panty 509 Blanco"},{"@type":"BreadcrumbList","@id":"https:\/\/yurika.co\/producto\/panty-algodon-levanta-cola-509\/#breadcrumb","itemListElement":[{"@type":"ListItem","position":1,"name":"Portada","item":"https:\/\/yurika.co\/"},{"@type":"ListItem","position":2,"name":"Store","item":"https:\/\/yurika.co\/store\/"},{"@type":"ListItem","position":3,"name":"Panty algod\u00f3n levanta cola 509"}]},{"@type":"WebSite","@id":"https:\/\/yurika.co\/#website","url":"https:\/\/yurika.co\/","name":"Yurika","description":"Ropa Interior","publisher":{"@id":"https:\/\/yurika.co\/#organization"},"potentialAction":[{"@type":"SearchAction","target":{"@type":"EntryPoint","urlTemplate":"https:\/\/yurika.co\/?s={search_term_string}"},"query-input":{"@type":"PropertyValueSpecification","valueRequired":true,"valueName":"search_term_string"}}],"inLanguage":"en-US"},{"@type":"Organization","@id":"https:\/\/yurika.co\/#organization","name":"Yurika","url":"https:\/\/yurika.co\/","logo":{"@type":"ImageObject","inLanguage":"en-US","@id":"https:\/\/yurika.co\/#\/schema\/logo\/image\/","url":"https:\/\/yurika.co\/wp-content\/uploads\/2020\/09\/logo-yurika.png","contentUrl":"https:\/\/yurika.co\/wp-content\/uploads\/2020\/09\/logo-yurika.png","width":70,"height":90,"caption":"Yurika"},"image":{"@id":"https:\/\/yurika.co\/#\/schema\/logo\/image\/"}}]}},"_links":{"self":[{"href":"https:\/\/yurika.co\/en\/wp-json\/wp\/v2\/product\/2235","targetHints":{"allow":["GET"]}}],"collection":[{"href":"https:\/\/yurika.co\/en\/wp-json\/wp\/v2\/product"}],"about":[{"href":"https:\/\/yurika.co\/en\/wp-json\/wp\/v2\/types\/product"}],"replies":[{"embeddable":true,"href":"https:\/\/yurika.co\/en\/wp-json\/wp\/v2\/comments?post=2235"}],"version-history":[{"count":3,"href":"https:\/\/yurika.co\/en\/wp-json\/wp\/v2\/product\/2235\/revisions"}],"predecessor-version":[{"id":2826,"href":"https:\/\/yurika.co\/en\/wp-json\/wp\/v2\/product\/2235\/revisions\/2826"}],"wp:featuredmedia":[{"embeddable":true,"href":"https:\/\/yurika.co\/en\/wp-json\/wp\/v2\/media\/3445"}],"wp:attachment":[{"href":"https:\/\/yurika.co\/en\/wp-json\/wp\/v2\/media?parent=2235"}],"wp:term":[{"taxonomy":"product_brand","embeddable":true,"href":"https:\/\/yurika.co\/en\/wp-json\/wp\/v2\/product_brand?post=2235"},{"taxonomy":"product_cat","embeddable":true,"href":"https:\/\/yurika.co\/en\/wp-json\/wp\/v2\/product_cat?post=2235"},{"taxonomy":"product_tag","embeddable":true,"href":"https:\/\/yurika.co\/en\/wp-json\/wp\/v2\/product_tag?post=2235"}],"curies":[{"name":"wp","href":"https:\/\/api.w.org\/{rel}","templated":true}]}}