{"id":3957,"date":"2023-03-22T17:57:32","date_gmt":"2023-03-22T22:57:32","guid":{"rendered":"https:\/\/yurika.co\/?post_type=product&#038;p=3957"},"modified":"2026-03-17T11:15:45","modified_gmt":"2026-03-17T16:15:45","slug":"panty-hilo-1905","status":"publish","type":"product","link":"https:\/\/yurika.co\/en\/product\/panty-hilo-1905\/","title":{"rendered":"Panty hilo 1905"},"content":{"rendered":"","protected":false},"excerpt":{"rendered":"<p>Panty hilo elaborado en encaje:<\/p>\n<ul>\n<li>El\u00e1stico t\u00e1ctel en cintura y piernas.<\/li>\n<li>Muy c\u00f3modo y suave al tacto.<\/li>\n<li>Disponible en diferentes colores.<\/li>\n<\/ul>","protected":false},"featured_media":5417,"comment_status":"open","ping_status":"closed","template":"","meta":{"site-sidebar-layout":"default","site-content-layout":"default","ast-site-content-layout":"default","site-content-style":"default","site-sidebar-style":"default","ast-global-header-display":"","ast-banner-title-visibility":"","ast-main-header-display":"","ast-hfb-above-header-display":"","ast-hfb-below-header-display":"","ast-hfb-mobile-header-display":"","site-post-title":"","ast-breadcrumbs-content":"","ast-featured-img":"","footer-sml-layout":"","ast-disable-related-posts":"","theme-transparent-header-meta":"default","adv-header-id-meta":"","stick-header-meta":"","header-above-stick-meta":"","header-main-stick-meta":"","header-below-stick-meta":"","astra-migrate-meta-layouts":"set","ast-page-background-enabled":"default","ast-page-background-meta":{"desktop":{"background-color":"","background-image":"","background-repeat":"repeat","background-position":"center center","background-size":"auto","background-attachment":"scroll","background-type":"","background-media":"","overlay-type":"","overlay-color":"","overlay-opacity":"","overlay-gradient":""},"tablet":{"background-color":"","background-image":"","background-repeat":"repeat","background-position":"center center","background-size":"auto","background-attachment":"scroll","background-type":"","background-media":"","overlay-type":"","overlay-color":"","overlay-opacity":"","overlay-gradient":""},"mobile":{"background-color":"","background-image":"","background-repeat":"repeat","background-position":"center center","background-size":"auto","background-attachment":"scroll","background-type":"","background-media":"","overlay-type":"","overlay-color":"","overlay-opacity":"","overlay-gradient":""}},"ast-content-background-meta":{"desktop":{"background-color":"var(--ast-global-color-5)","background-image":"","background-repeat":"repeat","background-position":"center center","background-size":"auto","background-attachment":"scroll","background-type":"","background-media":"","overlay-type":"","overlay-color":"","overlay-opacity":"","overlay-gradient":""},"tablet":{"background-color":"var(--ast-global-color-5)","background-image":"","background-repeat":"repeat","background-position":"center center","background-size":"auto","background-attachment":"scroll","background-type":"","background-media":"","overlay-type":"","overlay-color":"","overlay-opacity":"","overlay-gradient":""},"mobile":{"background-color":"var(--ast-global-color-5)","background-image":"","background-repeat":"repeat","background-position":"center center","background-size":"auto","background-attachment":"scroll","background-type":"","background-media":"","overlay-type":"","overlay-color":"","overlay-opacity":"","overlay-gradient":""}}},"product_brand":[],"product_cat":[36,39],"product_tag":[79,95,101,100],"class_list":{"0":"post-3957","1":"product","2":"type-product","3":"status-publish","4":"has-post-thumbnail","6":"product_cat-juvenil","7":"product_cat-panty","8":"product_tag-diseno-con-encaje","9":"product_tag-juvenil","10":"product_tag-panty-hilo","11":"product_tag-tanga","12":"desktop-align-left","13":"tablet-align-left","14":"mobile-align-left","16":"first","17":"instock","18":"taxable","19":"shipping-taxable","20":"purchasable","21":"product-type-variable","22":"rtwpvs-product"},"yoast_head":"<!-- This site is optimized with the Yoast SEO plugin v26.8 - https:\/\/yoast.com\/product\/yoast-seo-wordpress\/ -->\n<title>Panty hilo 1905 - Yurika<\/title>\n<meta name=\"description\" content=\"Panty hilo elaborado en encaje, el\u00e1stico t\u00e1ctel en cintura y piernas , muy c\u00f3modo y suave al tacto. Disponible en diferentes colores.\" \/>\n<meta name=\"robots\" content=\"index, follow, max-snippet:-1, max-image-preview:large, max-video-preview:-1\" \/>\n<link rel=\"canonical\" href=\"https:\/\/yurika.co\/en\/product\/panty-hilo-1905\/\" \/>\n<meta property=\"og:locale\" content=\"en_US\" \/>\n<meta property=\"og:type\" content=\"article\" \/>\n<meta property=\"og:title\" content=\"Panty hilo 1905 - Yurika\" \/>\n<meta property=\"og:description\" content=\"Panty hilo elaborado en encaje, el\u00e1stico t\u00e1ctel en cintura y piernas , muy c\u00f3modo y suave al tacto. Disponible en diferentes colores.\" \/>\n<meta property=\"og:url\" content=\"https:\/\/yurika.co\/en\/product\/panty-hilo-1905\/\" \/>\n<meta property=\"og:site_name\" content=\"Yurika\" \/>\n<meta property=\"article:modified_time\" content=\"2026-03-17T16:15:45+00:00\" \/>\n<meta property=\"og:image\" content=\"https:\/\/yurika.co\/wp-content\/uploads\/2023\/03\/Panty-hilo-1905-rojo.jpg\" \/>\n\t<meta property=\"og:image:width\" content=\"1200\" \/>\n\t<meta property=\"og:image:height\" content=\"1400\" \/>\n\t<meta property=\"og:image:type\" content=\"image\/jpeg\" \/>\n<meta name=\"twitter:card\" content=\"summary_large_image\" \/>\n<meta name=\"twitter:label1\" content=\"Est. reading time\" \/>\n\t<meta name=\"twitter:data1\" content=\"1 minute\" \/>\n<script type=\"application\/ld+json\" class=\"yoast-schema-graph\">{\"@context\":\"https:\/\/schema.org\",\"@graph\":[{\"@type\":\"WebPage\",\"@id\":\"https:\/\/yurika.co\/producto\/panty-hilo-1905\/\",\"url\":\"https:\/\/yurika.co\/producto\/panty-hilo-1905\/\",\"name\":\"Panty hilo 1905 - Yurika\",\"isPartOf\":{\"@id\":\"https:\/\/yurika.co\/#website\"},\"primaryImageOfPage\":{\"@id\":\"https:\/\/yurika.co\/producto\/panty-hilo-1905\/#primaryimage\"},\"image\":{\"@id\":\"https:\/\/yurika.co\/producto\/panty-hilo-1905\/#primaryimage\"},\"thumbnailUrl\":\"https:\/\/yurika.co\/wp-content\/uploads\/2023\/03\/Panty-hilo-1905-rojo.jpg\",\"datePublished\":\"2023-03-22T22:57:32+00:00\",\"dateModified\":\"2026-03-17T16:15:45+00:00\",\"description\":\"Panty hilo elaborado en encaje, el\u00e1stico t\u00e1ctel en cintura y piernas , muy c\u00f3modo y suave al tacto. Disponible en diferentes colores.\",\"breadcrumb\":{\"@id\":\"https:\/\/yurika.co\/producto\/panty-hilo-1905\/#breadcrumb\"},\"inLanguage\":\"en-US\",\"potentialAction\":[{\"@type\":\"ReadAction\",\"target\":[\"https:\/\/yurika.co\/producto\/panty-hilo-1905\/\"]}]},{\"@type\":\"ImageObject\",\"inLanguage\":\"en-US\",\"@id\":\"https:\/\/yurika.co\/producto\/panty-hilo-1905\/#primaryimage\",\"url\":\"https:\/\/yurika.co\/wp-content\/uploads\/2023\/03\/Panty-hilo-1905-rojo.jpg\",\"contentUrl\":\"https:\/\/yurika.co\/wp-content\/uploads\/2023\/03\/Panty-hilo-1905-rojo.jpg\",\"width\":1200,\"height\":1400,\"caption\":\"Panty hilo rojo\"},{\"@type\":\"BreadcrumbList\",\"@id\":\"https:\/\/yurika.co\/producto\/panty-hilo-1905\/#breadcrumb\",\"itemListElement\":[{\"@type\":\"ListItem\",\"position\":1,\"name\":\"Portada\",\"item\":\"https:\/\/yurika.co\/\"},{\"@type\":\"ListItem\",\"position\":2,\"name\":\"Store\",\"item\":\"https:\/\/yurika.co\/store\/\"},{\"@type\":\"ListItem\",\"position\":3,\"name\":\"Panty hilo 1905\"}]},{\"@type\":\"WebSite\",\"@id\":\"https:\/\/yurika.co\/#website\",\"url\":\"https:\/\/yurika.co\/\",\"name\":\"Yurika\",\"description\":\"Ropa Interior\",\"publisher\":{\"@id\":\"https:\/\/yurika.co\/#organization\"},\"potentialAction\":[{\"@type\":\"SearchAction\",\"target\":{\"@type\":\"EntryPoint\",\"urlTemplate\":\"https:\/\/yurika.co\/?s={search_term_string}\"},\"query-input\":{\"@type\":\"PropertyValueSpecification\",\"valueRequired\":true,\"valueName\":\"search_term_string\"}}],\"inLanguage\":\"en-US\"},{\"@type\":\"Organization\",\"@id\":\"https:\/\/yurika.co\/#organization\",\"name\":\"Yurika\",\"url\":\"https:\/\/yurika.co\/\",\"logo\":{\"@type\":\"ImageObject\",\"inLanguage\":\"en-US\",\"@id\":\"https:\/\/yurika.co\/#\/schema\/logo\/image\/\",\"url\":\"https:\/\/yurika.co\/wp-content\/uploads\/2020\/09\/logo-yurika.png\",\"contentUrl\":\"https:\/\/yurika.co\/wp-content\/uploads\/2020\/09\/logo-yurika.png\",\"width\":70,\"height\":90,\"caption\":\"Yurika\"},\"image\":{\"@id\":\"https:\/\/yurika.co\/#\/schema\/logo\/image\/\"}}]}<\/script>\n<!-- \/ Yoast SEO plugin. -->","yoast_head_json":{"title":"Panty hilo 1905 - Yurika","description":"Panty hilo elaborado en encaje, el\u00e1stico t\u00e1ctel en cintura y piernas , muy c\u00f3modo y suave al tacto. Disponible en diferentes colores.","robots":{"index":"index","follow":"follow","max-snippet":"max-snippet:-1","max-image-preview":"max-image-preview:large","max-video-preview":"max-video-preview:-1"},"canonical":"https:\/\/yurika.co\/en\/product\/panty-hilo-1905\/","og_locale":"en_US","og_type":"article","og_title":"Panty hilo 1905 - Yurika","og_description":"Panty hilo elaborado en encaje, el\u00e1stico t\u00e1ctel en cintura y piernas , muy c\u00f3modo y suave al tacto. Disponible en diferentes colores.","og_url":"https:\/\/yurika.co\/en\/product\/panty-hilo-1905\/","og_site_name":"Yurika","article_modified_time":"2026-03-17T16:15:45+00:00","og_image":[{"width":1200,"height":1400,"url":"https:\/\/yurika.co\/wp-content\/uploads\/2023\/03\/Panty-hilo-1905-rojo.jpg","type":"image\/jpeg"}],"twitter_card":"summary_large_image","twitter_misc":{"Est. reading time":"1 minute"},"schema":{"@context":"https:\/\/schema.org","@graph":[{"@type":"WebPage","@id":"https:\/\/yurika.co\/producto\/panty-hilo-1905\/","url":"https:\/\/yurika.co\/producto\/panty-hilo-1905\/","name":"Panty hilo 1905 - Yurika","isPartOf":{"@id":"https:\/\/yurika.co\/#website"},"primaryImageOfPage":{"@id":"https:\/\/yurika.co\/producto\/panty-hilo-1905\/#primaryimage"},"image":{"@id":"https:\/\/yurika.co\/producto\/panty-hilo-1905\/#primaryimage"},"thumbnailUrl":"https:\/\/yurika.co\/wp-content\/uploads\/2023\/03\/Panty-hilo-1905-rojo.jpg","datePublished":"2023-03-22T22:57:32+00:00","dateModified":"2026-03-17T16:15:45+00:00","description":"Panty hilo elaborado en encaje, el\u00e1stico t\u00e1ctel en cintura y piernas , muy c\u00f3modo y suave al tacto. Disponible en diferentes colores.","breadcrumb":{"@id":"https:\/\/yurika.co\/producto\/panty-hilo-1905\/#breadcrumb"},"inLanguage":"en-US","potentialAction":[{"@type":"ReadAction","target":["https:\/\/yurika.co\/producto\/panty-hilo-1905\/"]}]},{"@type":"ImageObject","inLanguage":"en-US","@id":"https:\/\/yurika.co\/producto\/panty-hilo-1905\/#primaryimage","url":"https:\/\/yurika.co\/wp-content\/uploads\/2023\/03\/Panty-hilo-1905-rojo.jpg","contentUrl":"https:\/\/yurika.co\/wp-content\/uploads\/2023\/03\/Panty-hilo-1905-rojo.jpg","width":1200,"height":1400,"caption":"Panty hilo rojo"},{"@type":"BreadcrumbList","@id":"https:\/\/yurika.co\/producto\/panty-hilo-1905\/#breadcrumb","itemListElement":[{"@type":"ListItem","position":1,"name":"Portada","item":"https:\/\/yurika.co\/"},{"@type":"ListItem","position":2,"name":"Store","item":"https:\/\/yurika.co\/store\/"},{"@type":"ListItem","position":3,"name":"Panty hilo 1905"}]},{"@type":"WebSite","@id":"https:\/\/yurika.co\/#website","url":"https:\/\/yurika.co\/","name":"Yurika","description":"Ropa Interior","publisher":{"@id":"https:\/\/yurika.co\/#organization"},"potentialAction":[{"@type":"SearchAction","target":{"@type":"EntryPoint","urlTemplate":"https:\/\/yurika.co\/?s={search_term_string}"},"query-input":{"@type":"PropertyValueSpecification","valueRequired":true,"valueName":"search_term_string"}}],"inLanguage":"en-US"},{"@type":"Organization","@id":"https:\/\/yurika.co\/#organization","name":"Yurika","url":"https:\/\/yurika.co\/","logo":{"@type":"ImageObject","inLanguage":"en-US","@id":"https:\/\/yurika.co\/#\/schema\/logo\/image\/","url":"https:\/\/yurika.co\/wp-content\/uploads\/2020\/09\/logo-yurika.png","contentUrl":"https:\/\/yurika.co\/wp-content\/uploads\/2020\/09\/logo-yurika.png","width":70,"height":90,"caption":"Yurika"},"image":{"@id":"https:\/\/yurika.co\/#\/schema\/logo\/image\/"}}]}},"_links":{"self":[{"href":"https:\/\/yurika.co\/en\/wp-json\/wp\/v2\/product\/3957","targetHints":{"allow":["GET"]}}],"collection":[{"href":"https:\/\/yurika.co\/en\/wp-json\/wp\/v2\/product"}],"about":[{"href":"https:\/\/yurika.co\/en\/wp-json\/wp\/v2\/types\/product"}],"replies":[{"embeddable":true,"href":"https:\/\/yurika.co\/en\/wp-json\/wp\/v2\/comments?post=3957"}],"version-history":[{"count":4,"href":"https:\/\/yurika.co\/en\/wp-json\/wp\/v2\/product\/3957\/revisions"}],"predecessor-version":[{"id":5418,"href":"https:\/\/yurika.co\/en\/wp-json\/wp\/v2\/product\/3957\/revisions\/5418"}],"wp:featuredmedia":[{"embeddable":true,"href":"https:\/\/yurika.co\/en\/wp-json\/wp\/v2\/media\/5417"}],"wp:attachment":[{"href":"https:\/\/yurika.co\/en\/wp-json\/wp\/v2\/media?parent=3957"}],"wp:term":[{"taxonomy":"product_brand","embeddable":true,"href":"https:\/\/yurika.co\/en\/wp-json\/wp\/v2\/product_brand?post=3957"},{"taxonomy":"product_cat","embeddable":true,"href":"https:\/\/yurika.co\/en\/wp-json\/wp\/v2\/product_cat?post=3957"},{"taxonomy":"product_tag","embeddable":true,"href":"https:\/\/yurika.co\/en\/wp-json\/wp\/v2\/product_tag?post=3957"}],"curies":[{"name":"wp","href":"https:\/\/api.w.org\/{rel}","templated":true}]}}