{"id":5371,"date":"2025-05-13T23:48:36","date_gmt":"2025-05-14T04:48:36","guid":{"rendered":"https:\/\/yurika.co\/?post_type=product&#038;p=5371"},"modified":"2026-03-25T21:52:32","modified_gmt":"2026-03-26T02:52:32","slug":"brasier-postquirurgico-prehormado-70009","status":"publish","type":"product","link":"https:\/\/yurika.co\/en\/product\/brasier-postquirurgico-prehormado-70009\/","title":{"rendered":"Brasier postquir\u00fargico prehormado 70009"},"content":{"rendered":"","protected":false},"excerpt":{"rendered":"<p>Brasier postquirurgico prehormado doble tela en algod\u00f3n, ideal para despu\u00e9s de tu cirug\u00eda:<\/p>\n<ul>\n<li>Espuma en laterales que ayudan a brindar mayor comodidad y soporte<\/li>\n<li>Broche frontal<\/li>\n<li>sin aros ni realce, para uso durante las 24 horas del d\u00eda<\/li>\n<li>Tirantes con varias posiciones para abrochar<\/li>\n<li>Espalda ancha que da mayor cubrimiento.<\/li>\n<\/ul>","protected":false},"featured_media":5385,"comment_status":"open","ping_status":"closed","template":"","meta":{"site-sidebar-layout":"default","site-content-layout":"","ast-site-content-layout":"default","site-content-style":"default","site-sidebar-style":"default","ast-global-header-display":"","ast-banner-title-visibility":"","ast-main-header-display":"","ast-hfb-above-header-display":"","ast-hfb-below-header-display":"","ast-hfb-mobile-header-display":"","site-post-title":"","ast-breadcrumbs-content":"","ast-featured-img":"","footer-sml-layout":"","ast-disable-related-posts":"","theme-transparent-header-meta":"default","adv-header-id-meta":"","stick-header-meta":"","header-above-stick-meta":"","header-main-stick-meta":"","header-below-stick-meta":"","astra-migrate-meta-layouts":"set","ast-page-background-enabled":"default","ast-page-background-meta":{"desktop":{"background-color":"","background-image":"","background-repeat":"repeat","background-position":"center center","background-size":"auto","background-attachment":"scroll","background-type":"","background-media":"","overlay-type":"","overlay-color":"","overlay-opacity":"","overlay-gradient":""},"tablet":{"background-color":"","background-image":"","background-repeat":"repeat","background-position":"center center","background-size":"auto","background-attachment":"scroll","background-type":"","background-media":"","overlay-type":"","overlay-color":"","overlay-opacity":"","overlay-gradient":""},"mobile":{"background-color":"","background-image":"","background-repeat":"repeat","background-position":"center center","background-size":"auto","background-attachment":"scroll","background-type":"","background-media":"","overlay-type":"","overlay-color":"","overlay-opacity":"","overlay-gradient":""}},"ast-content-background-meta":{"desktop":{"background-color":"var(--ast-global-color-5)","background-image":"","background-repeat":"repeat","background-position":"center center","background-size":"auto","background-attachment":"scroll","background-type":"","background-media":"","overlay-type":"","overlay-color":"","overlay-opacity":"","overlay-gradient":""},"tablet":{"background-color":"var(--ast-global-color-5)","background-image":"","background-repeat":"repeat","background-position":"center center","background-size":"auto","background-attachment":"scroll","background-type":"","background-media":"","overlay-type":"","overlay-color":"","overlay-opacity":"","overlay-gradient":""},"mobile":{"background-color":"var(--ast-global-color-5)","background-image":"","background-repeat":"repeat","background-position":"center center","background-size":"auto","background-attachment":"scroll","background-type":"","background-media":"","overlay-type":"","overlay-color":"","overlay-opacity":"","overlay-gradient":""}}},"product_brand":[],"product_cat":[38,124],"product_tag":[75,76,115],"class_list":{"0":"post-5371","1":"product","2":"type-product","3":"status-publish","4":"has-post-thumbnail","6":"product_cat-brasier","7":"product_cat-post-quirurgico","8":"product_tag-brasier-clasico","9":"product_tag-brasier-control","10":"product_tag-postquirurgico","11":"desktop-align-left","12":"tablet-align-left","13":"mobile-align-left","15":"first","16":"instock","17":"taxable","18":"shipping-taxable","19":"purchasable","20":"product-type-variable","21":"rtwpvs-product"},"yoast_head":"<!-- This site is optimized with the Yoast SEO plugin v26.8 - https:\/\/yoast.com\/product\/yoast-seo-wordpress\/ -->\n<title>Brasier postquir\u00fargico prehormado 70009 - Yurika<\/title>\n<meta name=\"description\" content=\"Brasier postquirurgico prehormado doble tela en algod\u00f3n, ideal para despu\u00e9s de tu cirugia, espuma en laterales que ayudan a brindar mayor comodidad\" \/>\n<meta name=\"robots\" content=\"index, follow, max-snippet:-1, max-image-preview:large, max-video-preview:-1\" \/>\n<link rel=\"canonical\" href=\"https:\/\/yurika.co\/en\/product\/brasier-postquirurgico-prehormado-70009\/\" \/>\n<meta property=\"og:locale\" content=\"en_US\" \/>\n<meta property=\"og:type\" content=\"article\" \/>\n<meta property=\"og:title\" content=\"Brasier postquir\u00fargico prehormado 70009 - Yurika\" \/>\n<meta property=\"og:description\" content=\"Brasier postquirurgico prehormado doble tela en algod\u00f3n, ideal para despu\u00e9s de tu cirugia, espuma en laterales que ayudan a brindar mayor comodidad\" \/>\n<meta property=\"og:url\" content=\"https:\/\/yurika.co\/en\/product\/brasier-postquirurgico-prehormado-70009\/\" \/>\n<meta property=\"og:site_name\" content=\"Yurika\" \/>\n<meta property=\"article:modified_time\" content=\"2026-03-26T02:52:32+00:00\" \/>\n<meta property=\"og:image\" content=\"https:\/\/yurika.co\/wp-content\/uploads\/2025\/05\/Brasier-postquirurgico-70009-piel.jpg\" \/>\n\t<meta property=\"og:image:width\" content=\"1200\" \/>\n\t<meta property=\"og:image:height\" content=\"1400\" \/>\n\t<meta property=\"og:image:type\" content=\"image\/jpeg\" \/>\n<meta name=\"twitter:card\" content=\"summary_large_image\" \/>\n<meta name=\"twitter:label1\" content=\"Est. reading time\" \/>\n\t<meta name=\"twitter:data1\" content=\"1 minute\" \/>\n<script type=\"application\/ld+json\" class=\"yoast-schema-graph\">{\"@context\":\"https:\/\/schema.org\",\"@graph\":[{\"@type\":\"WebPage\",\"@id\":\"https:\/\/yurika.co\/producto\/brasier-postquirurgico-prehormado-70009\/\",\"url\":\"https:\/\/yurika.co\/producto\/brasier-postquirurgico-prehormado-70009\/\",\"name\":\"Brasier postquir\u00fargico prehormado 70009 - Yurika\",\"isPartOf\":{\"@id\":\"https:\/\/yurika.co\/#website\"},\"primaryImageOfPage\":{\"@id\":\"https:\/\/yurika.co\/producto\/brasier-postquirurgico-prehormado-70009\/#primaryimage\"},\"image\":{\"@id\":\"https:\/\/yurika.co\/producto\/brasier-postquirurgico-prehormado-70009\/#primaryimage\"},\"thumbnailUrl\":\"https:\/\/yurika.co\/wp-content\/uploads\/2025\/05\/Brasier-postquirurgico-70009-piel.jpg\",\"datePublished\":\"2025-05-14T04:48:36+00:00\",\"dateModified\":\"2026-03-26T02:52:32+00:00\",\"description\":\"Brasier postquirurgico prehormado doble tela en algod\u00f3n, ideal para despu\u00e9s de tu cirugia, espuma en laterales que ayudan a brindar mayor comodidad\",\"breadcrumb\":{\"@id\":\"https:\/\/yurika.co\/producto\/brasier-postquirurgico-prehormado-70009\/#breadcrumb\"},\"inLanguage\":\"en-US\",\"potentialAction\":[{\"@type\":\"ReadAction\",\"target\":[\"https:\/\/yurika.co\/producto\/brasier-postquirurgico-prehormado-70009\/\"]}]},{\"@type\":\"ImageObject\",\"inLanguage\":\"en-US\",\"@id\":\"https:\/\/yurika.co\/producto\/brasier-postquirurgico-prehormado-70009\/#primaryimage\",\"url\":\"https:\/\/yurika.co\/wp-content\/uploads\/2025\/05\/Brasier-postquirurgico-70009-piel.jpg\",\"contentUrl\":\"https:\/\/yurika.co\/wp-content\/uploads\/2025\/05\/Brasier-postquirurgico-70009-piel.jpg\",\"width\":1200,\"height\":1400,\"caption\":\"Brasier postquir\u00fargico 70009\"},{\"@type\":\"BreadcrumbList\",\"@id\":\"https:\/\/yurika.co\/producto\/brasier-postquirurgico-prehormado-70009\/#breadcrumb\",\"itemListElement\":[{\"@type\":\"ListItem\",\"position\":1,\"name\":\"Portada\",\"item\":\"https:\/\/yurika.co\/\"},{\"@type\":\"ListItem\",\"position\":2,\"name\":\"Store\",\"item\":\"https:\/\/yurika.co\/store\/\"},{\"@type\":\"ListItem\",\"position\":3,\"name\":\"Brasier postquir\u00fargico prehormado 70009\"}]},{\"@type\":\"WebSite\",\"@id\":\"https:\/\/yurika.co\/#website\",\"url\":\"https:\/\/yurika.co\/\",\"name\":\"Yurika\",\"description\":\"Ropa Interior\",\"publisher\":{\"@id\":\"https:\/\/yurika.co\/#organization\"},\"potentialAction\":[{\"@type\":\"SearchAction\",\"target\":{\"@type\":\"EntryPoint\",\"urlTemplate\":\"https:\/\/yurika.co\/?s={search_term_string}\"},\"query-input\":{\"@type\":\"PropertyValueSpecification\",\"valueRequired\":true,\"valueName\":\"search_term_string\"}}],\"inLanguage\":\"en-US\"},{\"@type\":\"Organization\",\"@id\":\"https:\/\/yurika.co\/#organization\",\"name\":\"Yurika\",\"url\":\"https:\/\/yurika.co\/\",\"logo\":{\"@type\":\"ImageObject\",\"inLanguage\":\"en-US\",\"@id\":\"https:\/\/yurika.co\/#\/schema\/logo\/image\/\",\"url\":\"https:\/\/yurika.co\/wp-content\/uploads\/2020\/09\/logo-yurika.png\",\"contentUrl\":\"https:\/\/yurika.co\/wp-content\/uploads\/2020\/09\/logo-yurika.png\",\"width\":70,\"height\":90,\"caption\":\"Yurika\"},\"image\":{\"@id\":\"https:\/\/yurika.co\/#\/schema\/logo\/image\/\"}}]}<\/script>\n<!-- \/ Yoast SEO plugin. -->","yoast_head_json":{"title":"Brasier postquir\u00fargico prehormado 70009 - Yurika","description":"Brasier postquirurgico prehormado doble tela en algod\u00f3n, ideal para despu\u00e9s de tu cirugia, espuma en laterales que ayudan a brindar mayor comodidad","robots":{"index":"index","follow":"follow","max-snippet":"max-snippet:-1","max-image-preview":"max-image-preview:large","max-video-preview":"max-video-preview:-1"},"canonical":"https:\/\/yurika.co\/en\/product\/brasier-postquirurgico-prehormado-70009\/","og_locale":"en_US","og_type":"article","og_title":"Brasier postquir\u00fargico prehormado 70009 - Yurika","og_description":"Brasier postquirurgico prehormado doble tela en algod\u00f3n, ideal para despu\u00e9s de tu cirugia, espuma en laterales que ayudan a brindar mayor comodidad","og_url":"https:\/\/yurika.co\/en\/product\/brasier-postquirurgico-prehormado-70009\/","og_site_name":"Yurika","article_modified_time":"2026-03-26T02:52:32+00:00","og_image":[{"width":1200,"height":1400,"url":"https:\/\/yurika.co\/wp-content\/uploads\/2025\/05\/Brasier-postquirurgico-70009-piel.jpg","type":"image\/jpeg"}],"twitter_card":"summary_large_image","twitter_misc":{"Est. reading time":"1 minute"},"schema":{"@context":"https:\/\/schema.org","@graph":[{"@type":"WebPage","@id":"https:\/\/yurika.co\/producto\/brasier-postquirurgico-prehormado-70009\/","url":"https:\/\/yurika.co\/producto\/brasier-postquirurgico-prehormado-70009\/","name":"Brasier postquir\u00fargico prehormado 70009 - Yurika","isPartOf":{"@id":"https:\/\/yurika.co\/#website"},"primaryImageOfPage":{"@id":"https:\/\/yurika.co\/producto\/brasier-postquirurgico-prehormado-70009\/#primaryimage"},"image":{"@id":"https:\/\/yurika.co\/producto\/brasier-postquirurgico-prehormado-70009\/#primaryimage"},"thumbnailUrl":"https:\/\/yurika.co\/wp-content\/uploads\/2025\/05\/Brasier-postquirurgico-70009-piel.jpg","datePublished":"2025-05-14T04:48:36+00:00","dateModified":"2026-03-26T02:52:32+00:00","description":"Brasier postquirurgico prehormado doble tela en algod\u00f3n, ideal para despu\u00e9s de tu cirugia, espuma en laterales que ayudan a brindar mayor comodidad","breadcrumb":{"@id":"https:\/\/yurika.co\/producto\/brasier-postquirurgico-prehormado-70009\/#breadcrumb"},"inLanguage":"en-US","potentialAction":[{"@type":"ReadAction","target":["https:\/\/yurika.co\/producto\/brasier-postquirurgico-prehormado-70009\/"]}]},{"@type":"ImageObject","inLanguage":"en-US","@id":"https:\/\/yurika.co\/producto\/brasier-postquirurgico-prehormado-70009\/#primaryimage","url":"https:\/\/yurika.co\/wp-content\/uploads\/2025\/05\/Brasier-postquirurgico-70009-piel.jpg","contentUrl":"https:\/\/yurika.co\/wp-content\/uploads\/2025\/05\/Brasier-postquirurgico-70009-piel.jpg","width":1200,"height":1400,"caption":"Brasier postquir\u00fargico 70009"},{"@type":"BreadcrumbList","@id":"https:\/\/yurika.co\/producto\/brasier-postquirurgico-prehormado-70009\/#breadcrumb","itemListElement":[{"@type":"ListItem","position":1,"name":"Portada","item":"https:\/\/yurika.co\/"},{"@type":"ListItem","position":2,"name":"Store","item":"https:\/\/yurika.co\/store\/"},{"@type":"ListItem","position":3,"name":"Brasier postquir\u00fargico prehormado 70009"}]},{"@type":"WebSite","@id":"https:\/\/yurika.co\/#website","url":"https:\/\/yurika.co\/","name":"Yurika","description":"Ropa Interior","publisher":{"@id":"https:\/\/yurika.co\/#organization"},"potentialAction":[{"@type":"SearchAction","target":{"@type":"EntryPoint","urlTemplate":"https:\/\/yurika.co\/?s={search_term_string}"},"query-input":{"@type":"PropertyValueSpecification","valueRequired":true,"valueName":"search_term_string"}}],"inLanguage":"en-US"},{"@type":"Organization","@id":"https:\/\/yurika.co\/#organization","name":"Yurika","url":"https:\/\/yurika.co\/","logo":{"@type":"ImageObject","inLanguage":"en-US","@id":"https:\/\/yurika.co\/#\/schema\/logo\/image\/","url":"https:\/\/yurika.co\/wp-content\/uploads\/2020\/09\/logo-yurika.png","contentUrl":"https:\/\/yurika.co\/wp-content\/uploads\/2020\/09\/logo-yurika.png","width":70,"height":90,"caption":"Yurika"},"image":{"@id":"https:\/\/yurika.co\/#\/schema\/logo\/image\/"}}]}},"_links":{"self":[{"href":"https:\/\/yurika.co\/en\/wp-json\/wp\/v2\/product\/5371","targetHints":{"allow":["GET"]}}],"collection":[{"href":"https:\/\/yurika.co\/en\/wp-json\/wp\/v2\/product"}],"about":[{"href":"https:\/\/yurika.co\/en\/wp-json\/wp\/v2\/types\/product"}],"replies":[{"embeddable":true,"href":"https:\/\/yurika.co\/en\/wp-json\/wp\/v2\/comments?post=5371"}],"version-history":[{"count":1,"href":"https:\/\/yurika.co\/en\/wp-json\/wp\/v2\/product\/5371\/revisions"}],"predecessor-version":[{"id":5386,"href":"https:\/\/yurika.co\/en\/wp-json\/wp\/v2\/product\/5371\/revisions\/5386"}],"wp:featuredmedia":[{"embeddable":true,"href":"https:\/\/yurika.co\/en\/wp-json\/wp\/v2\/media\/5385"}],"wp:attachment":[{"href":"https:\/\/yurika.co\/en\/wp-json\/wp\/v2\/media?parent=5371"}],"wp:term":[{"taxonomy":"product_brand","embeddable":true,"href":"https:\/\/yurika.co\/en\/wp-json\/wp\/v2\/product_brand?post=5371"},{"taxonomy":"product_cat","embeddable":true,"href":"https:\/\/yurika.co\/en\/wp-json\/wp\/v2\/product_cat?post=5371"},{"taxonomy":"product_tag","embeddable":true,"href":"https:\/\/yurika.co\/en\/wp-json\/wp\/v2\/product_tag?post=5371"}],"curies":[{"name":"wp","href":"https:\/\/api.w.org\/{rel}","templated":true}]}}